{"id":224,"date":"2024-12-18T13:38:34","date_gmt":"2024-12-18T13:38:34","guid":{"rendered":"https:\/\/new.daraodedo.com\/?page_id=224"},"modified":"2025-02-11T11:18:46","modified_gmt":"2025-02-11T11:18:46","slug":"termos-e-condicoes","status":"publish","type":"page","link":"https:\/\/daraodedo.com\/?page_id=224","title":{"rendered":"Termos e Condi\u00e7\u00f5es"},"content":{"rendered":"\n<h2 class=\"wp-block-heading\">Condi\u00e7\u00f5es Gerais de Venda<\/h2>\n\n\n\n<h5 class=\"wp-block-heading\">Este&nbsp; texto define o funcionamento da loja on-line&nbsp;<strong>DARAODEDO<\/strong>&nbsp;e explicita as suas condi\u00e7\u00f5es de venda. A&nbsp;<strong>DARAODEDO&nbsp;<\/strong>&nbsp;\u00e9 um site de com\u00e9rcio electr\u00f3nico dedicado \u00e0 venda nacional e internacional de&nbsp; artigos de retrosaria mais especificamente fios para tricot\/ crochet e acess\u00f3rios&nbsp; gerido por Herminia Barros empres\u00e1ria em nome individual.<\/h5>\n\n\n\n<h3 class=\"wp-block-heading\">Pre\u00e7os<\/h3>\n\n\n\n<h5 class=\"wp-block-heading\">Todos os artigos dispon\u00edveis na&nbsp;<strong>DARAODEDO<\/strong>&nbsp;t\u00eam assinalado o pre\u00e7o de venda com o IVA inclu\u00eddo \u00e0 taxa legal em vigor e excluindo as despesas de envio.<\/h5>\n\n\n\n<h5 class=\"wp-block-heading\">Se \u00e9 residente fora da Uni\u00e3o Europeia tenha em aten\u00e7\u00e3o \u00e1s taxas aduaneiras do pais onde reside.<\/h5>\n\n\n\n<h5 class=\"wp-block-heading\">&nbsp;<\/h5>\n\n\n\n<h3 class=\"wp-block-heading\">Encomenda<\/h3>\n\n\n\n<h5 class=\"wp-block-heading\">Para proceder \u00e0 encomenda de um ou mais artigos, o cliente dever\u00e1 seguir o processo habitual nos sites de venda on-line: usar os bot\u00f5es junto a cada artigo para os adicionar ao carrinho de compras, alterar as quantidades caso deseje adquirir mais do que uma unidade&nbsp; e fazer o check-out de acordo com as instru\u00e7\u00f5es fornecidas pelo site, aplicando as op\u00e7\u00f5es de envio, de pagamento e ainda cup\u00f5es de desconto  caso existam.<\/h5>\n\n\n\n<h2 class=\"wp-block-heading\">Fatura\u00e7\u00e3o<\/h2>\n\n\n\n<p><strong>As facturas s\u00e3o emitidas ap\u00f3s boa cobran\u00e7a das encomendas, para que sejam emitidas com o nr. de contribuinte agradecemos que seja colocado o respetivo n\u00famero na encomenda sempre que o pretendam.<\/strong><\/p>\n\n\n\n<h3 class=\"wp-block-heading\">Modalidades de Pagamento<\/h3>\n\n\n\n<h5 class=\"wp-block-heading\">Os clientes da&nbsp;<strong>DARAODEDO<\/strong>&nbsp; podem optar entre as seguintes modalidades de pagamento: PayPal, transfer\u00eancia banc\u00e1ria ou MBWAY atrav\u00e9s do nosso contacto telef\u00f3nico.<\/h5>\n\n\n\n<h5 class=\"wp-block-heading\">As encomendas que n\u00e3o sejam pagas no prazo de cinco&nbsp; dias \u00fateis ser\u00e3o canceladas.<\/h5>\n\n\n\n<h5 class=\"wp-block-heading\">&nbsp;<\/h5>\n\n\n\n<h3 class=\"wp-block-heading\">Modalidades de Envio<\/h3>\n\n\n\n<h5 class=\"wp-block-heading\">Todas as encomendas nacionais s\u00e3o expedidas atrav\u00e9s dos Correios de Portugal (CTT) por correio normal ou&nbsp; registado.<\/h5>\n\n\n\n<h5 class=\"wp-block-heading\">Ap\u00f3s o envio, os clientes receber\u00e3o por email o n\u00famero de registo da sua encomenda, podendo utilizar o servi\u00e7o de Pesquisa de Objectos dos CTT e do seu servi\u00e7o nacional de correios para a localizar, garantindo assim a sua entrega.<\/h5>\n\n\n\n<h5 class=\"wp-block-heading\">A DARAODEDO utiliza o envio&nbsp; do<strong>&nbsp;correio normal<\/strong>&nbsp; em Portugal Continental e Ilhas, para garantir ao cliente um custo mais econ\u00f3mico, s\u00f3 sendo poss\u00edvel em encomendas at\u00e9 1800Kg,<strong>&nbsp;mas devem ter em aten\u00e7\u00e3o que a responsabilidade de extravio da encomenda \u00e9 de inteira responsabilidade do cliente<\/strong>, visto que s\u00f3 \u00e9 poss\u00edvel pela parte dos CTT emitir o recibo do custo total das encomendas n\u00e3o sendo poss\u00edvel identificar as encomendas.<\/h5>\n\n\n\n<p><strong>Para Europa e outros pa\u00edses apenas envio registado<\/strong> at\u00e9 1800g para <\/p>\n\n\n\n<p><\/p>\n\n\n\n<h5 class=\"wp-block-heading\">Sempre que \u00e9 enviada uma encomenda o cliente recebe no email que indica na pr\u00f3pria encomenda a informar o envio da mesma para poder estar atento \u00e1 sua entrega.<\/h5>\n\n\n\n<h5 class=\"wp-block-heading\">&nbsp;<\/h5>\n\n\n\n<h3 class=\"wp-block-heading\">Despesas de Envio<\/h3>\n\n\n\n<h5 class=\"wp-block-heading\">As despesas de envio s\u00e3o calculadas automaticamente em fun\u00e7\u00e3o do peso dos artigos e tendo por base os pre\u00e7\u00e1rios dos CTT, e o custo da embalagem.<\/h5>\n\n\n\n<h5 class=\"wp-block-heading\">Pre\u00e7os para Portugal\/ Continemtal e Ilhas<\/h5>\n\n\n\n<h5 class=\"wp-block-heading\">Correio Normal :&nbsp;<\/h5>\n\n\n\n<h5 class=\"wp-block-heading\">At\u00e9 a 400g \u2013 2,95\u20ac<\/h5>\n\n\n\n<h5 class=\"wp-block-heading\">de 400g a 1800g- 6,17\u20ac<\/h5>\n\n\n\n<h5 class=\"wp-block-heading\">Correio Registado:<\/h5>\n\n\n\n<p>At\u00e9  400g \u2013 5,74\u20ac<\/p>\n\n\n\n<p>de 400g a 1800g \u2013 9,34\u20ac<\/p>\n\n\n\n<p>de 1800g a 4500g &#8211; 12,60\u20ac<\/p>\n\n\n\n<p>de 4500g a 10 kg &#8211; 17,40\u20ac<\/p>\n\n\n\n<p class=\"has-text-align-left\"><strong>Peso  <em>\/<\/em>EUROPA \/Outros pa\u00edses \/E.U.A.<\/strong><\/p>\n\n\n\n<p class=\"has-text-align-left\">at\u00e9  200g \/ 8,62\u20ac \/10,02 \u20ac \/11,87\u20ac<\/p>\n\n\n\n<p>200g a 400g \/10,94\u20ac \/14,57 \u20ac \/17,12\u20ac<\/p>\n\n\n\n<p>400g a 900 g \/15,33\u20ac\/ 23,76\u20ac \/27,30\u20ac<\/p>\n\n\n\n<p>900g a 2kg \/ 22,44\u20ac \/35,90\u20ac \/38,38\u20ac<\/p>\n\n\n\n<p>Superior a 2kg para o estrangeiro carece de consulta atrav\u00e9s dos nossos contactos.<\/p>\n\n\n\n<p><strong>Entrega em m\u00e3o<\/strong><\/p>\n\n\n\n<p> Serve para quando s\u00e3o clientes, que por serem das proximidades, lhes d\u00e1 jeito levantar em m\u00e3o, para evitar o custo dos portes, a entrega \u00e9 feita desde que combinado pelo telefone local e hora que nos seja conveniente.<\/p>\n\n\n\n<h5 class=\"wp-block-heading\">&nbsp;<\/h5>\n\n\n\n<h3 class=\"wp-block-heading\">Prazos de entrega<\/h3>\n\n\n\n<h5 class=\"wp-block-heading\">As encomendas s\u00e3o expedidas por norma  a partir da sua liquida\u00e7\u00e3o e no m\u00e1ximo em 48h.<\/h5>\n\n\n\n<h5 class=\"wp-block-heading\">Dentro de Portugal Continental, os envios registados demoram em geral um ou dois dias \u00fateis a ser entregue e&nbsp; o correio normal entre tr\u00eas&nbsp; a cinco dias \u00fateis dependendo das zonas.<\/h5>\n\n\n\n<h5 class=\"wp-block-heading\">Para o estrangeiro, os tempos de entrega para os envios registados n\u00e3o costumam ser superiores a uma semana (Europa) ou duas (resto do mundo). <\/h5>\n\n\n\n<h5 class=\"wp-block-heading\">&nbsp;<\/h5>\n\n\n\n<h3 class=\"wp-block-heading\">Garantia de entrega<\/h3>\n\n\n\n<h5 class=\"wp-block-heading\">No caso de extravio de envios registados, a&nbsp;<strong>DARAODEDO<\/strong>&nbsp;compromete-se reembolsar o cliente no valor total da sua encomenda no caso de&nbsp;<strong>correio normal \u00e9 de inteira responsabilidade do cliente.<\/strong><\/h5>\n\n\n\n<h5 class=\"wp-block-heading\">O cliente \u00e9 respons\u00e1vel por acompanhar a sua encomenda com o n\u00famero de registo fornecido e por levantar atempadamente a sua encomenda na esta\u00e7\u00e3o dos CTT, caso esta n\u00e3o lhe seja entregue em m\u00e3o pelo carteiro.<\/h5>\n\n\n\n<h5 class=\"wp-block-heading\">No caso de a encomenda ser devolvida ao remetente por n\u00e3o ter sido atempadamente levantada na esta\u00e7\u00e3o dos CTT, o reenvio s\u00f3 ser\u00e1 feito mediante novo pagamento das despesas de envio.<\/h5>\n\n\n\n<h5 class=\"wp-block-heading\">&nbsp;<\/h5>\n\n\n\n<h3 class=\"wp-block-heading\">Trocas e devolu\u00e7\u00f5es<\/h3>\n\n\n\n<h5 class=\"wp-block-heading\">Dentro da Uni\u00e3o Europeia, os clientes poder\u00e3o proceder \u00e0 devolu\u00e7\u00e3o dos artigos adquiridos online no prazo legal de reflex\u00e3o (at\u00e9 14 dias depois da entrega dos mesmos). Naturalmente, s\u00f3 ser\u00e3o aceites artigos&nbsp; que se encontrem no mesmo estado em que foram adquiridos.<\/h5>\n\n\n\n<h5 class=\"wp-block-heading\">Os clientes que desejem devolver artigos ao abrigo do prazo de reflex\u00e3o ter\u00e3o de proceder ao envio dos mesmos por correio registado, suportando os custos do mesmo e notificando a&nbsp;<strong>DARAODEDO<\/strong>&nbsp; por email do respectivo n\u00famero de seguimento.<\/h5>\n\n\n\n<h5 class=\"wp-block-heading\"><strong>LEI 144\/2015 \u2013 Resolu\u00e7\u00e3o Alternativa de Lit\u00edgios de Consumo (RAL)<\/strong><\/h5>\n\n\n\n<h5 class=\"wp-block-heading\">Em caso de lit\u00edgio o consumidor pode recorrer a uma Entidade de Resolu\u00e7\u00e3o Alternativa de Lit\u00edgios de consumo:<\/h5>\n\n\n\n<h5 class=\"wp-block-heading\">&nbsp;Consumo e Arbitragem do Porto (CICAP),<\/h5>\n\n\n\n<h5 class=\"wp-block-heading\">&nbsp;com sede na Rua Dami\u00e3o de G\u00f3is, 31, Loja 6, 4050-225, Porto.&nbsp;<\/h5>\n\n\n\n<h5 class=\"wp-block-heading\">Mais informa\u00e7\u00f5es em Portal do Consumidor:&nbsp;<a href=\"http:\/\/www.consumidor.pt\/\">www.consumidor.pt<\/a>.<\/h5>\n\n\n\n<h5 class=\"wp-block-heading\">&nbsp;<\/h5>\n\n\n\n<h3 class=\"wp-block-heading\">Ruptura de stock<\/h3>\n\n\n\n<h5 class=\"wp-block-heading\">Os clientes ser\u00e3o reembolsados pela DARAODEDO, em nome da respons\u00e1vel Herminia Barros,&nbsp; na totalidade do montante dos artigos que n\u00e3o lhes possam ser enviados por motivo de ruptura de stock.<\/h5>\n\n\n\n<h5 class=\"wp-block-heading\">&nbsp;<\/h5>\n\n\n\n<h3 class=\"wp-block-heading\">Pol\u00edtica de privacidade<\/h3>\n\n\n\n<p>A&nbsp;<strong>DARAODEDO<\/strong>&nbsp;n\u00e3o armazena localmente quaisquer dados pessoais dos seus clientes. A&nbsp;<em>newsletter<\/em>&nbsp;da&nbsp;<strong>DARAODEDO<\/strong>&nbsp;\u00e9 enviada \u00e0s pessoas que a subscrevem voluntariamente. Caso desejem, os subscritores poder\u00e3o em qualquer momento exercer o direito de acesso, altera\u00e7\u00e3o, actualiza\u00e7\u00e3o e elimina\u00e7\u00e3o dos seus dados, previsto na lei de Protec\u00e7\u00e3o de Dados de Car\u00e1cter Pessoal.<\/p>\n","protected":false},"excerpt":{"rendered":"<p>Condi\u00e7\u00f5es Gerais de Venda Este&nbsp; texto define o funcionamento da loja on-line&nbsp;DARAODEDO&nbsp;e explicita as suas condi\u00e7\u00f5es de venda. A&nbsp;DARAODEDO&nbsp;&nbsp;\u00e9 um site de com\u00e9rcio electr\u00f3nico dedicado \u00e0 venda nacional e internacional de&nbsp; artigos de retrosaria mais especificamente fios para tricot\/ crochet e acess\u00f3rios&nbsp; gerido por Herminia Barros empres\u00e1ria em nome individual. Pre\u00e7os Todos os artigos dispon\u00edveis [&#8230;]\n","protected":false},"author":1,"featured_media":0,"parent":0,"menu_order":0,"comment_status":"closed","ping_status":"closed","template":"","meta":{"footnotes":""},"class_list":["post-224","page","type-page","status-publish","hentry"],"_links":{"self":[{"href":"https:\/\/daraodedo.com\/index.php?rest_route=\/wp\/v2\/pages\/224","targetHints":{"allow":["GET"]}}],"collection":[{"href":"https:\/\/daraodedo.com\/index.php?rest_route=\/wp\/v2\/pages"}],"about":[{"href":"https:\/\/daraodedo.com\/index.php?rest_route=\/wp\/v2\/types\/page"}],"author":[{"embeddable":true,"href":"https:\/\/daraodedo.com\/index.php?rest_route=\/wp\/v2\/users\/1"}],"replies":[{"embeddable":true,"href":"https:\/\/daraodedo.com\/index.php?rest_route=%2Fwp%2Fv2%2Fcomments&post=224"}],"version-history":[{"count":9,"href":"https:\/\/daraodedo.com\/index.php?rest_route=\/wp\/v2\/pages\/224\/revisions"}],"predecessor-version":[{"id":17323,"href":"https:\/\/daraodedo.com\/index.php?rest_route=\/wp\/v2\/pages\/224\/revisions\/17323"}],"wp:attachment":[{"href":"https:\/\/daraodedo.com\/index.php?rest_route=%2Fwp%2Fv2%2Fmedia&parent=224"}],"curies":[{"name":"wp","href":"https:\/\/api.w.org\/{rel}","templated":true}]}}