{"id":15868,"date":"2025-01-05T16:40:26","date_gmt":"2025-01-05T16:40:26","guid":{"rendered":"https:\/\/new.daraodedo.com\/?post_type=product&#038;p=15868"},"modified":"2026-01-23T11:54:20","modified_gmt":"2026-01-23T11:54:20","slug":"drops-andes","status":"publish","type":"product","link":"https:\/\/daraodedo.com\/?product=drops-andes","title":{"rendered":"DROPS Andes"},"content":{"rendered":"<p>Uma combina\u00e7\u00e3o suave e grossa de alpaca e l\u00e3<\/p>\n","protected":false},"excerpt":{"rendered":"<p><strong>Composi\u00e7\u00e3o:<\/strong> 65% l\u00e3, 35% alpaca<\/p>\n<p><strong>Peso\/Metragem:<\/strong> 100 g = cerca de 96 m<\/p>\n<p><strong>Agulhas recomendadas: <\/strong>9 mm<\/p>\n<p><strong><strong>Tens\u00e3o da amostra:<\/strong><\/strong>10 x 10 cm = 10 pontos x 14 carreiras<\/p>\n<p><strong> Lavar \u00e0 m\u00e3o \u00e0 temperatura m\u00e1xima de 30\u00b0C\/Secar na horizontal \/ Para feltragem<\/strong><\/p>\n","protected":false},"featured_media":17150,"comment_status":"closed","ping_status":"closed","template":"","meta":[],"product_brand":[],"product_cat":[465,467,469,463,470,471],"product_tag":[472,473,474,475,476,477],"class_list":{"0":"post-15868","1":"product","2":"type-product","3":"status-publish","4":"has-post-thumbnail","6":"product_cat-650-900mm","7":"product_cat-alpaca","8":"product_cat-drops","9":"product_cat-fios","10":"product_cat-la","11":"product_cat-outono-inverno","12":"product_tag-andes","13":"product_tag-drops","14":"product_tag-fio","15":"product_tag-fio-100la","16":"product_tag-la","17":"product_tag-novelos","19":"first","20":"instock","21":"shipping-taxable","22":"purchasable","23":"product-type-variable","24":"has-default-attributes"},"_links":{"self":[{"href":"https:\/\/daraodedo.com\/index.php?rest_route=\/wp\/v2\/product\/15868","targetHints":{"allow":["GET"]}}],"collection":[{"href":"https:\/\/daraodedo.com\/index.php?rest_route=\/wp\/v2\/product"}],"about":[{"href":"https:\/\/daraodedo.com\/index.php?rest_route=\/wp\/v2\/types\/product"}],"replies":[{"embeddable":true,"href":"https:\/\/daraodedo.com\/index.php?rest_route=%2Fwp%2Fv2%2Fcomments&post=15868"}],"wp:featuredmedia":[{"embeddable":true,"href":"https:\/\/daraodedo.com\/index.php?rest_route=\/wp\/v2\/media\/17150"}],"wp:attachment":[{"href":"https:\/\/daraodedo.com\/index.php?rest_route=%2Fwp%2Fv2%2Fmedia&parent=15868"}],"wp:term":[{"taxonomy":"product_brand","embeddable":true,"href":"https:\/\/daraodedo.com\/index.php?rest_route=%2Fwp%2Fv2%2Fproduct_brand&post=15868"},{"taxonomy":"product_cat","embeddable":true,"href":"https:\/\/daraodedo.com\/index.php?rest_route=%2Fwp%2Fv2%2Fproduct_cat&post=15868"},{"taxonomy":"product_tag","embeddable":true,"href":"https:\/\/daraodedo.com\/index.php?rest_route=%2Fwp%2Fv2%2Fproduct_tag&post=15868"}],"curies":[{"name":"wp","href":"https:\/\/api.w.org\/{rel}","templated":true}]}}