{"id":15877,"date":"2025-01-05T16:40:27","date_gmt":"2025-01-05T16:40:27","guid":{"rendered":"https:\/\/new.daraodedo.com\/?post_type=product&#038;p=15877"},"modified":"2025-01-28T00:08:07","modified_gmt":"2025-01-28T00:08:07","slug":"drops-agulhas-direitas","status":"publish","type":"product","link":"https:\/\/daraodedo.com\/?product=drops-agulhas-direitas","title":{"rendered":"DROPS Agulhas Direitas"},"content":{"rendered":"<p>Agulhas Direitas DROPS Basic &#8211; com 14&#8243; (35cm) de comprimento com pontas cuidadosamente elaboradas que faz com que seja f\u00e1cil tricotar cada malha ou ponto seja qual for o tamanho de agulha que usar. As agulhas 2 &#8211; 5 mm s\u00e3o feitas de alum\u00ednio e n\u00e3o cont\u00eam n\u00edquel o que as torna adequadas para as pessoas com alergia ao n\u00edquel. O alum\u00ednio \u00e9 um material resistente e leve que faz com que seja f\u00e1cil e agrad\u00e1vel tricotar com estas agulhas. As agulhas 5.5 &#8211; 10 mm s\u00e3o feitas da melhor e mais confort\u00e1vel madeira de b\u00e9tula. A b\u00e9tula \u00e9 muito mais resistente do que o bambu e, por conseguinte, \u00e9 poss\u00edvel ter pontas que s\u00e3o mais finas e afiadas, fazendo com que ainda seja mais f\u00e1cil tricotar diferentes pontos. As agulhas em alum\u00ednio e b\u00e9tula s\u00e3o da mais alta qualidade, e s\u00e3o tamb\u00e9m reluzentes e suaves o que faz com que as malhas deslizem facilmente pela superf\u00edcie da agulha. Quer tricote com agulhas de alum\u00ednio ou b\u00e9tula, ambas fornecer\u00e3o uma agrad\u00e1vel temperatura \u00e0s suas m\u00e3os e poder\u00e1 tricotar durante horas a fio em total sil\u00eancio e sem sentir qualquer cansa\u00e7o.<\/p>\n","protected":false},"excerpt":{"rendered":"<p>Agulhas Direitas DROPS Basic &#8211; com 14&#8243; (35cm) de comprimento com pontas cuidadosamente elaboradas que faz com que seja f\u00e1cil tricotar cada malha ou ponto seja qual for o tamanho de agulha que usar. As agulhas 2 &#8211; 5 mm s\u00e3o feitas de alum\u00ednio e n\u00e3o cont\u00eam n\u00edquel o que as torna adequadas para as [&#8230;]\n","protected":false},"featured_media":17130,"comment_status":"closed","ping_status":"closed","template":"","meta":[],"product_brand":[],"product_cat":[480,481,488,485,484,482],"product_tag":[486,489,473,474,476,477],"class_list":{"0":"post-15877","1":"product","2":"type-product","3":"status-publish","4":"has-post-thumbnail","6":"product_cat-acessorios","7":"product_cat-agulhas","8":"product_cat-direitas","9":"product_cat-drops-marcas-acessorios","10":"product_cat-marcas-acessorios","11":"product_cat-tricot","12":"product_tag-agulhas","13":"product_tag-direitas","14":"product_tag-drops","15":"product_tag-fio","16":"product_tag-la","17":"product_tag-novelos","19":"first","20":"instock","21":"shipping-taxable","22":"purchasable","23":"product-type-variable"},"_links":{"self":[{"href":"https:\/\/daraodedo.com\/index.php?rest_route=\/wp\/v2\/product\/15877","targetHints":{"allow":["GET"]}}],"collection":[{"href":"https:\/\/daraodedo.com\/index.php?rest_route=\/wp\/v2\/product"}],"about":[{"href":"https:\/\/daraodedo.com\/index.php?rest_route=\/wp\/v2\/types\/product"}],"replies":[{"embeddable":true,"href":"https:\/\/daraodedo.com\/index.php?rest_route=%2Fwp%2Fv2%2Fcomments&post=15877"}],"wp:featuredmedia":[{"embeddable":true,"href":"https:\/\/daraodedo.com\/index.php?rest_route=\/wp\/v2\/media\/17130"}],"wp:attachment":[{"href":"https:\/\/daraodedo.com\/index.php?rest_route=%2Fwp%2Fv2%2Fmedia&parent=15877"}],"wp:term":[{"taxonomy":"product_brand","embeddable":true,"href":"https:\/\/daraodedo.com\/index.php?rest_route=%2Fwp%2Fv2%2Fproduct_brand&post=15877"},{"taxonomy":"product_cat","embeddable":true,"href":"https:\/\/daraodedo.com\/index.php?rest_route=%2Fwp%2Fv2%2Fproduct_cat&post=15877"},{"taxonomy":"product_tag","embeddable":true,"href":"https:\/\/daraodedo.com\/index.php?rest_route=%2Fwp%2Fv2%2Fproduct_tag&post=15877"}],"curies":[{"name":"wp","href":"https:\/\/api.w.org\/{rel}","templated":true}]}}