{"id":15882,"date":"2025-01-05T16:40:28","date_gmt":"2025-01-05T16:40:28","guid":{"rendered":"https:\/\/new.daraodedo.com\/?post_type=product&#038;p=15882"},"modified":"2025-01-27T23:52:24","modified_gmt":"2025-01-27T23:52:24","slug":"botao-drops-duffle","status":"publish","type":"product","link":"https:\/\/daraodedo.com\/?product=botao-drops-duffle","title":{"rendered":"Bot\u00e3o DROPS de Alamar"},"content":{"rendered":"<p>Bot\u00f5es de alamares em madeira de oliveira com uma \u00fanica abertura.<\/p>\n<p>Estes bot\u00f5es de alamares t\u00eam uma textura polida; al\u00e9m do mais, devido ao facto de serem feitos de madeira natural, cada bot\u00e3o apresenta varia\u00e7\u00f5es \u00fanicas no que diz respeito \u00e0 sua cor e textura.<\/p>\n","protected":false},"excerpt":{"rendered":"<p><strong>Comprimento:<\/strong> 30 mm<\/p>\n","protected":false},"featured_media":17148,"comment_status":"closed","ping_status":"closed","template":"","meta":[],"product_brand":[],"product_cat":[480,494,485,484],"product_tag":[495,496,499,473,500,501],"class_list":{"0":"post-15882","1":"product","2":"type-product","3":"status-publish","4":"has-post-thumbnail","6":"product_cat-acessorios","7":"product_cat-botoes","8":"product_cat-drops-marcas-acessorios","9":"product_cat-marcas-acessorios","10":"product_tag-botao","11":"product_tag-botoes","12":"product_tag-castanho","13":"product_tag-drops","14":"product_tag-duffle","15":"product_tag-madeira","17":"first","18":"instock","19":"shipping-taxable","20":"purchasable","21":"product-type-simple"},"_links":{"self":[{"href":"https:\/\/daraodedo.com\/index.php?rest_route=\/wp\/v2\/product\/15882","targetHints":{"allow":["GET"]}}],"collection":[{"href":"https:\/\/daraodedo.com\/index.php?rest_route=\/wp\/v2\/product"}],"about":[{"href":"https:\/\/daraodedo.com\/index.php?rest_route=\/wp\/v2\/types\/product"}],"replies":[{"embeddable":true,"href":"https:\/\/daraodedo.com\/index.php?rest_route=%2Fwp%2Fv2%2Fcomments&post=15882"}],"wp:featuredmedia":[{"embeddable":true,"href":"https:\/\/daraodedo.com\/index.php?rest_route=\/wp\/v2\/media\/17148"}],"wp:attachment":[{"href":"https:\/\/daraodedo.com\/index.php?rest_route=%2Fwp%2Fv2%2Fmedia&parent=15882"}],"wp:term":[{"taxonomy":"product_brand","embeddable":true,"href":"https:\/\/daraodedo.com\/index.php?rest_route=%2Fwp%2Fv2%2Fproduct_brand&post=15882"},{"taxonomy":"product_cat","embeddable":true,"href":"https:\/\/daraodedo.com\/index.php?rest_route=%2Fwp%2Fv2%2Fproduct_cat&post=15882"},{"taxonomy":"product_tag","embeddable":true,"href":"https:\/\/daraodedo.com\/index.php?rest_route=%2Fwp%2Fv2%2Fproduct_tag&post=15882"}],"curies":[{"name":"wp","href":"https:\/\/api.w.org\/{rel}","templated":true}]}}