{"id":15885,"date":"2025-01-05T16:40:28","date_gmt":"2025-01-05T16:40:28","guid":{"rendered":"https:\/\/new.daraodedo.com\/?post_type=product&#038;p=15885"},"modified":"2025-01-27T23:19:19","modified_gmt":"2025-01-27T23:19:19","slug":"botao-drops-chifre-de-bufalo","status":"publish","type":"product","link":"https:\/\/daraodedo.com\/?product=botao-drops-chifre-de-bufalo","title":{"rendered":"Bot\u00e3o DROPS Chifre de Bufalo"},"content":{"rendered":"<p>Bot\u00f5es de corno de b\u00fafalo redondos .<\/p>\n<p>Os bot\u00f5es de corno de b\u00fafalo feitos dos cornos das vacas e dos b\u00fafalos t\u00eam, como qualquer outro material natural, varia\u00e7\u00f5es \u00fanicas no que diz respeito \u00e0 sua cor e textura.<\/p>\n<p>O material de corno de b\u00fafalo, usado para fazer estes bot\u00f5es, \u00e9 um derivado da ind\u00fastria alimentar.<\/p>\n<p>&nbsp;<\/p>\n<p><strong>Feito em:\u00a0<\/strong>Germany<br \/>\n<strong>Origem da mat\u00e9ria-prima:\u00a0<\/strong>Corno de B\u00fafalo da \u00cdndia<\/p>\n","protected":false},"excerpt":{"rendered":"<p><strong>Comprimento:<\/strong> 25 mm<\/p>\n","protected":false},"featured_media":17133,"comment_status":"closed","ping_status":"closed","template":"","meta":[],"product_brand":[],"product_cat":[480,494,485,484],"product_tag":[495,496,505,506,507,473],"class_list":{"0":"post-15885","1":"product","2":"type-product","3":"status-publish","4":"has-post-thumbnail","6":"product_cat-acessorios","7":"product_cat-botoes","8":"product_cat-drops-marcas-acessorios","9":"product_cat-marcas-acessorios","10":"product_tag-botao","11":"product_tag-botoes","12":"product_tag-bufalo","13":"product_tag-chifre","14":"product_tag-corno","15":"product_tag-drops","17":"first","18":"instock","19":"featured","20":"shipping-taxable","21":"purchasable","22":"product-type-variable"},"_links":{"self":[{"href":"https:\/\/daraodedo.com\/index.php?rest_route=\/wp\/v2\/product\/15885","targetHints":{"allow":["GET"]}}],"collection":[{"href":"https:\/\/daraodedo.com\/index.php?rest_route=\/wp\/v2\/product"}],"about":[{"href":"https:\/\/daraodedo.com\/index.php?rest_route=\/wp\/v2\/types\/product"}],"replies":[{"embeddable":true,"href":"https:\/\/daraodedo.com\/index.php?rest_route=%2Fwp%2Fv2%2Fcomments&post=15885"}],"wp:featuredmedia":[{"embeddable":true,"href":"https:\/\/daraodedo.com\/index.php?rest_route=\/wp\/v2\/media\/17133"}],"wp:attachment":[{"href":"https:\/\/daraodedo.com\/index.php?rest_route=%2Fwp%2Fv2%2Fmedia&parent=15885"}],"wp:term":[{"taxonomy":"product_brand","embeddable":true,"href":"https:\/\/daraodedo.com\/index.php?rest_route=%2Fwp%2Fv2%2Fproduct_brand&post=15885"},{"taxonomy":"product_cat","embeddable":true,"href":"https:\/\/daraodedo.com\/index.php?rest_route=%2Fwp%2Fv2%2Fproduct_cat&post=15885"},{"taxonomy":"product_tag","embeddable":true,"href":"https:\/\/daraodedo.com\/index.php?rest_route=%2Fwp%2Fv2%2Fproduct_tag&post=15885"}],"curies":[{"name":"wp","href":"https:\/\/api.w.org\/{rel}","templated":true}]}}