{"id":15894,"date":"2025-01-05T16:40:30","date_gmt":"2025-01-05T16:40:30","guid":{"rendered":"https:\/\/new.daraodedo.com\/?post_type=product&#038;p=15894"},"modified":"2025-01-28T11:31:49","modified_gmt":"2025-01-28T11:31:49","slug":"botao-paris-feijao-de-madeira","status":"publish","type":"product","link":"https:\/\/daraodedo.com\/?product=botao-paris-feijao-de-madeira","title":{"rendered":"Bot\u00e3o PARIS Feij\u00e3o de Madeira"},"content":{"rendered":"","protected":false},"excerpt":{"rendered":"<p><strong>ATEN\u00c7\u00c3O:<\/strong> O tamanho dos bot\u00f5es \u00e9 diferente nas suas respectivas cores<\/p>\n","protected":false},"featured_media":8794,"comment_status":"closed","ping_status":"closed","template":"","meta":[],"product_brand":[],"product_cat":[480,494,484,510],"product_tag":[495,496,519,501,513],"class_list":{"0":"post-15894","1":"product","2":"type-product","3":"status-publish","4":"has-post-thumbnail","6":"product_cat-acessorios","7":"product_cat-botoes","8":"product_cat-marcas-acessorios","9":"product_cat-paris","10":"product_tag-botao","11":"product_tag-botoes","12":"product_tag-feijao","13":"product_tag-madeira","14":"product_tag-paris","16":"first","17":"instock","18":"shipping-taxable","19":"purchasable","20":"product-type-variable"},"_links":{"self":[{"href":"https:\/\/daraodedo.com\/index.php?rest_route=\/wp\/v2\/product\/15894","targetHints":{"allow":["GET"]}}],"collection":[{"href":"https:\/\/daraodedo.com\/index.php?rest_route=\/wp\/v2\/product"}],"about":[{"href":"https:\/\/daraodedo.com\/index.php?rest_route=\/wp\/v2\/types\/product"}],"replies":[{"embeddable":true,"href":"https:\/\/daraodedo.com\/index.php?rest_route=%2Fwp%2Fv2%2Fcomments&post=15894"}],"wp:featuredmedia":[{"embeddable":true,"href":"https:\/\/daraodedo.com\/index.php?rest_route=\/wp\/v2\/media\/8794"}],"wp:attachment":[{"href":"https:\/\/daraodedo.com\/index.php?rest_route=%2Fwp%2Fv2%2Fmedia&parent=15894"}],"wp:term":[{"taxonomy":"product_brand","embeddable":true,"href":"https:\/\/daraodedo.com\/index.php?rest_route=%2Fwp%2Fv2%2Fproduct_brand&post=15894"},{"taxonomy":"product_cat","embeddable":true,"href":"https:\/\/daraodedo.com\/index.php?rest_route=%2Fwp%2Fv2%2Fproduct_cat&post=15894"},{"taxonomy":"product_tag","embeddable":true,"href":"https:\/\/daraodedo.com\/index.php?rest_route=%2Fwp%2Fv2%2Fproduct_tag&post=15894"}],"curies":[{"name":"wp","href":"https:\/\/api.w.org\/{rel}","templated":true}]}}