{"id":15900,"date":"2025-01-05T16:40:53","date_gmt":"2025-01-05T16:40:53","guid":{"rendered":"https:\/\/new.daraodedo.com\/?post_type=product&#038;p=15900"},"modified":"2025-01-27T23:44:26","modified_gmt":"2025-01-27T23:44:26","slug":"lavor-agulhas-direitas","status":"publish","type":"product","link":"https:\/\/daraodedo.com\/?product=lavor-agulhas-direitas","title":{"rendered":"Lavor Agulhas Direitas"},"content":{"rendered":"<p>Agulhas de Trico de gancho afeg\u00e3o s\u00e3o vendidas ao par<\/p>\n<p>Podem ser de alum\u00ednio ou plastico<\/p>\n<p>Servem para fazer tric\u00f4 para quem gosta de usar o gancho, mas tamb\u00e9m s\u00e3o usadas no croch\u00ea tunisiano.<\/p>\n<p>Fabricadas em Portugal<\/p>\n","protected":false},"excerpt":{"rendered":"<p>Agulhas de Trico de gancho afeg\u00e3o s\u00e3o vendidas ao par Podem ser de alum\u00ednio ou plastico Servem para fazer tric\u00f4 para quem gosta de usar o gancho, mas tamb\u00e9m s\u00e3o usadas no croch\u00ea tunisiano. Fabricadas em Portugal<\/p>\n","protected":false},"featured_media":8779,"comment_status":"closed","ping_status":"closed","template":"","meta":[],"product_brand":[],"product_cat":[480,481,488,520,484,482],"product_tag":[486,864,489,474,476,521,477],"class_list":{"0":"post-15900","1":"product","2":"type-product","3":"status-publish","4":"has-post-thumbnail","6":"product_cat-acessorios","7":"product_cat-agulhas","8":"product_cat-direitas","9":"product_cat-lavor","10":"product_cat-marcas-acessorios","11":"product_cat-tricot","12":"product_tag-agulhas","13":"product_tag-agulhas-de-trico-direitas","14":"product_tag-direitas","15":"product_tag-fio","16":"product_tag-la","17":"product_tag-lavor","18":"product_tag-novelos","20":"first","21":"instock","22":"shipping-taxable","23":"purchasable","24":"product-type-variable"},"_links":{"self":[{"href":"https:\/\/daraodedo.com\/index.php?rest_route=\/wp\/v2\/product\/15900","targetHints":{"allow":["GET"]}}],"collection":[{"href":"https:\/\/daraodedo.com\/index.php?rest_route=\/wp\/v2\/product"}],"about":[{"href":"https:\/\/daraodedo.com\/index.php?rest_route=\/wp\/v2\/types\/product"}],"replies":[{"embeddable":true,"href":"https:\/\/daraodedo.com\/index.php?rest_route=%2Fwp%2Fv2%2Fcomments&post=15900"}],"wp:featuredmedia":[{"embeddable":true,"href":"https:\/\/daraodedo.com\/index.php?rest_route=\/wp\/v2\/media\/8779"}],"wp:attachment":[{"href":"https:\/\/daraodedo.com\/index.php?rest_route=%2Fwp%2Fv2%2Fmedia&parent=15900"}],"wp:term":[{"taxonomy":"product_brand","embeddable":true,"href":"https:\/\/daraodedo.com\/index.php?rest_route=%2Fwp%2Fv2%2Fproduct_brand&post=15900"},{"taxonomy":"product_cat","embeddable":true,"href":"https:\/\/daraodedo.com\/index.php?rest_route=%2Fwp%2Fv2%2Fproduct_cat&post=15900"},{"taxonomy":"product_tag","embeddable":true,"href":"https:\/\/daraodedo.com\/index.php?rest_route=%2Fwp%2Fv2%2Fproduct_tag&post=15900"}],"curies":[{"name":"wp","href":"https:\/\/api.w.org\/{rel}","templated":true}]}}