{"id":15914,"date":"2025-01-05T16:41:20","date_gmt":"2025-01-05T16:41:20","guid":{"rendered":"https:\/\/new.daraodedo.com\/?post_type=product&#038;p=15914"},"modified":"2025-01-28T11:16:05","modified_gmt":"2025-01-28T11:16:05","slug":"lavor-agulhas-para-meia","status":"publish","type":"product","link":"https:\/\/daraodedo.com\/?product=lavor-agulhas-para-meia","title":{"rendered":"Lavor Agulhas para Meia"},"content":{"rendered":"<p>Agulhas da Lavor,\u00a0 s\u00e3o feitas em alum\u00ednio, utilizadas para fazer meias, s\u00e3o as mais utilizadas pelas portuguesas de mais idade para fazer as meias.<\/p>\n<p>A barbela \u00e9 uma caracter\u00edstica portuguesa\u00a0 das agulhas de tricotar.<\/p>\n<p>Fabrico nacional<\/p>\n","protected":false},"excerpt":{"rendered":"<p>Os conjuntos inclu\u00ed 5 agulhas<\/p>\n","protected":false},"featured_media":8782,"comment_status":"closed","ping_status":"closed","template":"","meta":[],"product_brand":[],"product_cat":[480,481,520,484,524,525,482],"product_tag":[486,489,474,476,521,526,527,477,528],"class_list":{"0":"post-15914","1":"product","2":"type-product","3":"status-publish","4":"has-post-thumbnail","6":"product_cat-acessorios","7":"product_cat-agulhas","8":"product_cat-lavor","9":"product_cat-marcas-acessorios","10":"product_cat-meias","11":"product_cat-meias-2","12":"product_cat-tricot","13":"product_tag-agulhas","14":"product_tag-direitas","15":"product_tag-fio","16":"product_tag-la","17":"product_tag-lavor","18":"product_tag-meia","19":"product_tag-meias","20":"product_tag-novelos","21":"product_tag-tricot","23":"first","24":"instock","25":"shipping-taxable","26":"purchasable","27":"product-type-variable"},"_links":{"self":[{"href":"https:\/\/daraodedo.com\/index.php?rest_route=\/wp\/v2\/product\/15914","targetHints":{"allow":["GET"]}}],"collection":[{"href":"https:\/\/daraodedo.com\/index.php?rest_route=\/wp\/v2\/product"}],"about":[{"href":"https:\/\/daraodedo.com\/index.php?rest_route=\/wp\/v2\/types\/product"}],"replies":[{"embeddable":true,"href":"https:\/\/daraodedo.com\/index.php?rest_route=%2Fwp%2Fv2%2Fcomments&post=15914"}],"wp:featuredmedia":[{"embeddable":true,"href":"https:\/\/daraodedo.com\/index.php?rest_route=\/wp\/v2\/media\/8782"}],"wp:attachment":[{"href":"https:\/\/daraodedo.com\/index.php?rest_route=%2Fwp%2Fv2%2Fmedia&parent=15914"}],"wp:term":[{"taxonomy":"product_brand","embeddable":true,"href":"https:\/\/daraodedo.com\/index.php?rest_route=%2Fwp%2Fv2%2Fproduct_brand&post=15914"},{"taxonomy":"product_cat","embeddable":true,"href":"https:\/\/daraodedo.com\/index.php?rest_route=%2Fwp%2Fv2%2Fproduct_cat&post=15914"},{"taxonomy":"product_tag","embeddable":true,"href":"https:\/\/daraodedo.com\/index.php?rest_route=%2Fwp%2Fv2%2Fproduct_tag&post=15914"}],"curies":[{"name":"wp","href":"https:\/\/api.w.org\/{rel}","templated":true}]}}