{"id":15967,"date":"2025-01-05T16:42:35","date_gmt":"2025-01-05T16:42:35","guid":{"rendered":"https:\/\/new.daraodedo.com\/?post_type=product&#038;p=15967"},"modified":"2025-01-28T12:32:29","modified_gmt":"2025-01-28T12:32:29","slug":"knit-pro-waves-agulhas-crochet-aluminio-ou-dourado","status":"publish","type":"product","link":"https:\/\/daraodedo.com\/?product=knit-pro-waves-agulhas-crochet-aluminio-ou-dourado","title":{"rendered":"knit Pro  WAVES  agulhas crochet  Aluminio ou dourado"},"content":{"rendered":"<p style=\"text-align: left;\"><span id=\"result_box\" lang=\"pt\">\u00a0\u00a0 <span class=\"hps\">Um produto inovador<\/span> <span class=\"hps\">com uma<\/span> <span class=\"hps\">pega ergon\u00f3mica<\/span> <span class=\"hps\">que incentiva<\/span> <span class=\"hps\">horas de<\/span> <span class=\"hps\">crochet<\/span> <span class=\"hps\">confort\u00e1vel<\/span> <span class=\"hps\">Pega<\/span> <span class=\"hps\">suave e<\/span> <span class=\"hps\">aperto<\/span> <span class=\"hps\">suave<\/span> <span class=\"hps\">\u00e9 ideal para<\/span> <span class=\"hps\">crocheteiras<\/span> <span class=\"hps\">de todos os tipos<\/span> <span class=\"hps\">&#8211;<\/span> <span class=\"hps\">mesmo aqueles com<\/span> <span class=\"hps\">artrite<\/span> <span class=\"hps\">Gancho<\/span> com <span class=\"hps\">tamanho<\/span> <span class=\"hps\">perfeito<\/span><span class=\"hps\"> em um acabamento<\/span> <span class=\"hps\">anodizado<\/span> <span class=\"hps\">prata<\/span> <span class=\"hps\">atraente &#8211;<\/span> <span class=\"hps\">f\u00e1cil ver<\/span> <span class=\"hps\">os pontos<\/span> <span class=\"hps\">perfeitos<\/span> <span class=\"hps\">com<\/span> <span class=\"hps\">qualquer fio<\/span>\u00a0\u00a0 <span class=\"hps\">de\u00a0\u00a0 cor<\/span> <span class=\"hps\">Engenharia de precis\u00e3o<\/span> <span class=\"hps\">garante<\/span> <span class=\"hps\">indicador preciso<\/span> <span class=\"hps\">Ferramenta favorita<\/span> . <span class=\"hps\">Desenhado por especialistas<\/span> <span class=\"hps\">em<\/span> <span class=\"hps\">croch\u00ea<\/span>t <span class=\"hps\">Artistas<\/span>!<\/span><\/p>\n","protected":false},"excerpt":{"rendered":"<p>\u00a0\u00a0 Um produto inovador com uma pega ergon\u00f3mica que incentiva horas de crochet confort\u00e1vel Pega suave e aperto suave \u00e9 ideal para crocheteiras de todos os tipos &#8211; mesmo aqueles com artrite Gancho com tamanho perfeito em um acabamento anodizado prata atraente &#8211; f\u00e1cil ver os pontos perfeitos com qualquer fio\u00a0\u00a0 de\u00a0\u00a0 cor Engenharia de [&#8230;]\n","protected":false},"featured_media":17175,"comment_status":"closed","ping_status":"closed","template":"","meta":[],"product_brand":[],"product_cat":[481,563,564,522,547,484],"product_tag":[486,565,523],"class_list":{"0":"post-15967","1":"product","2":"type-product","3":"status-publish","4":"has-post-thumbnail","6":"product_cat-agulhas","7":"product_cat-amigurimis","8":"product_cat-carteiras","9":"product_cat-crochet","10":"product_cat-knit-pro","11":"product_cat-marcas-acessorios","12":"product_tag-agulhas","13":"product_tag-agulhas-crochet","14":"product_tag-crochet","16":"first","17":"instock","18":"featured","19":"shipping-taxable","20":"purchasable","21":"product-type-variable"},"_links":{"self":[{"href":"https:\/\/daraodedo.com\/index.php?rest_route=\/wp\/v2\/product\/15967","targetHints":{"allow":["GET"]}}],"collection":[{"href":"https:\/\/daraodedo.com\/index.php?rest_route=\/wp\/v2\/product"}],"about":[{"href":"https:\/\/daraodedo.com\/index.php?rest_route=\/wp\/v2\/types\/product"}],"replies":[{"embeddable":true,"href":"https:\/\/daraodedo.com\/index.php?rest_route=%2Fwp%2Fv2%2Fcomments&post=15967"}],"wp:featuredmedia":[{"embeddable":true,"href":"https:\/\/daraodedo.com\/index.php?rest_route=\/wp\/v2\/media\/17175"}],"wp:attachment":[{"href":"https:\/\/daraodedo.com\/index.php?rest_route=%2Fwp%2Fv2%2Fmedia&parent=15967"}],"wp:term":[{"taxonomy":"product_brand","embeddable":true,"href":"https:\/\/daraodedo.com\/index.php?rest_route=%2Fwp%2Fv2%2Fproduct_brand&post=15967"},{"taxonomy":"product_cat","embeddable":true,"href":"https:\/\/daraodedo.com\/index.php?rest_route=%2Fwp%2Fv2%2Fproduct_cat&post=15967"},{"taxonomy":"product_tag","embeddable":true,"href":"https:\/\/daraodedo.com\/index.php?rest_route=%2Fwp%2Fv2%2Fproduct_tag&post=15967"}],"curies":[{"name":"wp","href":"https:\/\/api.w.org\/{rel}","templated":true}]}}