{"id":15990,"date":"2025-01-05T16:42:39","date_gmt":"2025-01-05T16:42:39","guid":{"rendered":"https:\/\/new.daraodedo.com\/?post_type=product&#038;p=15990"},"modified":"2026-01-23T11:58:38","modified_gmt":"2026-01-23T11:58:38","slug":"drops-peak","status":"publish","type":"product","link":"https:\/\/daraodedo.com\/?product=drops-peak","title":{"rendered":"Drops PEAK"},"content":{"rendered":"<p>O DROPS Peak \u00e9 um fio quente e trendy, ideal para todos os acess\u00f3rios desportivos de Inverno e para tornar divertido o regresso \u00e0 escola e as brincadeiras no recreio! Perfeito tanto para tricotadeiras principiantes como experientes, tricota-se rapidamente e \u00e9 suave e, ao mesmo tempo, de grande dura\u00e7\u00e3o. Manufacturado no UE. Este fio tem o certificado da Oeko-Tex\u00ae<\/p>\n","protected":false},"excerpt":{"rendered":"<p><strong>Composi\u00e7\u00e3o:<\/strong> 70% acr\u00edlico, 30% l\u00e3<\/p>\n<p><strong>Peso\/Metragem:<\/strong> 50 g = cerca de 45 m<\/p>\n<p><strong>Agulhas recomendadas:<\/strong> 8 mm<\/p>\n<p><strong>Tens\u00e3o da amostra:<\/strong> 10 x 10 cm = 11 pontos x 15 carreiras<\/p>\n<p>Lavar \u00e0 m\u00e1quina num ciclo de roupa delicada a 40% \/ Secar na horizontal<\/p>\n<p class=\"yarnsearch\">\n","protected":false},"featured_media":9111,"comment_status":"closed","ping_status":"closed","template":"","meta":[],"product_brand":[],"product_cat":[465,469,478,463,470,471],"product_tag":[473,584,476,528],"class_list":{"0":"post-15990","1":"product","2":"type-product","3":"status-publish","4":"has-post-thumbnail","6":"product_cat-650-900mm","7":"product_cat-drops","8":"product_cat-fibra","9":"product_cat-fios","10":"product_cat-la","11":"product_cat-outono-inverno","12":"product_tag-drops","13":"product_tag-fios-tricot","14":"product_tag-la","15":"product_tag-tricot","17":"first","18":"instock","19":"featured","20":"shipping-taxable","21":"purchasable","22":"product-type-variable"},"_links":{"self":[{"href":"https:\/\/daraodedo.com\/index.php?rest_route=\/wp\/v2\/product\/15990","targetHints":{"allow":["GET"]}}],"collection":[{"href":"https:\/\/daraodedo.com\/index.php?rest_route=\/wp\/v2\/product"}],"about":[{"href":"https:\/\/daraodedo.com\/index.php?rest_route=\/wp\/v2\/types\/product"}],"replies":[{"embeddable":true,"href":"https:\/\/daraodedo.com\/index.php?rest_route=%2Fwp%2Fv2%2Fcomments&post=15990"}],"wp:featuredmedia":[{"embeddable":true,"href":"https:\/\/daraodedo.com\/index.php?rest_route=\/wp\/v2\/media\/9111"}],"wp:attachment":[{"href":"https:\/\/daraodedo.com\/index.php?rest_route=%2Fwp%2Fv2%2Fmedia&parent=15990"}],"wp:term":[{"taxonomy":"product_brand","embeddable":true,"href":"https:\/\/daraodedo.com\/index.php?rest_route=%2Fwp%2Fv2%2Fproduct_brand&post=15990"},{"taxonomy":"product_cat","embeddable":true,"href":"https:\/\/daraodedo.com\/index.php?rest_route=%2Fwp%2Fv2%2Fproduct_cat&post=15990"},{"taxonomy":"product_tag","embeddable":true,"href":"https:\/\/daraodedo.com\/index.php?rest_route=%2Fwp%2Fv2%2Fproduct_tag&post=15990"}],"curies":[{"name":"wp","href":"https:\/\/api.w.org\/{rel}","templated":true}]}}