{"id":16037,"date":"2025-01-05T16:43:52","date_gmt":"2025-01-05T16:43:52","guid":{"rendered":"https:\/\/new.daraodedo.com\/?post_type=product&#038;p=16037"},"modified":"2025-01-31T22:47:53","modified_gmt":"2025-01-31T22:47:53","slug":"eucalan","status":"publish","type":"product","link":"https:\/\/daraodedo.com\/?product=eucalan","title":{"rendered":"EUCALAN"},"content":{"rendered":"<p>Produto natural agrad\u00e1vel para lavagem de l\u00e3s \u00e1 m\u00e3o ou na m\u00e1quina. Existe em v\u00e1rias medidas\u00a0 e aromas . A mais pequena \u00e9 \u00f3ptima porque s\u00f3 tem uma dose, pode levar de viagem<span id=\"result_box\" class=\"\" lang=\"pt\"> <span title=\"Biodegradable and non toxic \u00a0\u00a0\u00a0\u00a0\">Biodegrad\u00e1vel e n\u00e3o t\u00f3xico <\/span><span title=\"Made in Canada \u00a0\u00a0\u00a0\u00a0\">Feito no Canad\u00e1 <\/span><span title=\"Concentrated \u00a0\u00a0\u00a0\u00a0\">Concentrado <\/span><span title=\"Contains Lanolin \">Cont\u00e9m lanolina<\/span><\/span> ; <b>lanolina\u00a0<\/b>\u00a0 \u00e9 um produto natural obtido a partir da cera de l\u00e3 bruta gerada pelos beneficiadores t\u00eaxteis como um sub produto do processo.<\/p>\n<p><strong>As fotos podem n\u00e3o condizer com o artigo, s\u00f3 servem de referencia, a cor da embalagem muda com a fragr\u00e2ncia<\/strong><\/p>\n","protected":false},"excerpt":{"rendered":"<p><span id=\"result_box\" class=\"\" lang=\"pt\"><span title=\"Eucalan Ingredient List: \u00a0\u00a0\u00a0\u00a0\">Eucalan\u00a0 lista de ingredientes:<\/span><\/span> <span title=\"Essential Oil (where applicable) (Pure and natural eucalyptus oil) \u00a0\u00a0\u00a0\u00a0\">\u00d3leo Essencial (quando aplic\u00e1vel) (\u00f3leo de eucalipto puro e natural) <\/span><span title=\"Ammonium Lauryl Sulphate (Vegetable-based soap) \u00a0\u00a0\u00a0\u00a0\">Am\u00f4nio lauril sulfato (sab\u00e3o \u00e0 base de vegetais) <\/span><span title=\"Ammonium Chloride (Is a salt of ammonia; used as a thickener) \u00a0\u00a0\u00a0\u00a0\">De cloreto de am\u00f3nio (\u00e9 um sal de am\u00f3nia; utilizado como um espessante) <\/span><span title=\"Cocamide MEA (Mild foaming agent and thickener derived from plant source) \u00a0\u00a0\u00a0\u00a0\">MEA Cocamide (agente espumante suave e espessante derivado de fonte vegetal) <\/span><span title=\"Purified Water \u00a0\u00a0\u00a0\u00a0\">\u00c1gua purificada <\/span><span title=\"Hydroxypropyl Methylcellulose (Thickener derived from plant source) \u00a0\u00a0\u00a0\u00a0\">Hidroxipropilmetilcelulose (espessante derivado da planta de origem) <\/span><span title=\"PEG 75 Lanolin (Naturally derived lanolin) \u00a0\u00a0\u00a0\u00a0\">PEG 75 Lanolina (lanolina naturalmente derivados) <\/span><span title=\"Methylchloroisothiazolinone (Preservative and antibacterial) \">Metilcloroisotiazolinona (conservante e anti-bacteriana)<\/span> ;<\/p>\n","protected":false},"featured_media":16710,"comment_status":"closed","ping_status":"closed","template":"","meta":[],"product_brand":[],"product_cat":[480,614,484,515],"product_tag":[615,616,617],"class_list":{"0":"post-16037","1":"product","2":"type-product","3":"status-publish","4":"has-post-thumbnail","6":"product_cat-acessorios","7":"product_cat-eucalan","8":"product_cat-marcas-acessorios","9":"product_cat-outros","10":"product_tag-eucalan","11":"product_tag-lavagem-de-las","12":"product_tag-produto-natural","14":"first","15":"outofstock","16":"featured","17":"shipping-taxable","18":"purchasable","19":"product-type-variable"},"_links":{"self":[{"href":"https:\/\/daraodedo.com\/index.php?rest_route=\/wp\/v2\/product\/16037","targetHints":{"allow":["GET"]}}],"collection":[{"href":"https:\/\/daraodedo.com\/index.php?rest_route=\/wp\/v2\/product"}],"about":[{"href":"https:\/\/daraodedo.com\/index.php?rest_route=\/wp\/v2\/types\/product"}],"replies":[{"embeddable":true,"href":"https:\/\/daraodedo.com\/index.php?rest_route=%2Fwp%2Fv2%2Fcomments&post=16037"}],"wp:featuredmedia":[{"embeddable":true,"href":"https:\/\/daraodedo.com\/index.php?rest_route=\/wp\/v2\/media\/16710"}],"wp:attachment":[{"href":"https:\/\/daraodedo.com\/index.php?rest_route=%2Fwp%2Fv2%2Fmedia&parent=16037"}],"wp:term":[{"taxonomy":"product_brand","embeddable":true,"href":"https:\/\/daraodedo.com\/index.php?rest_route=%2Fwp%2Fv2%2Fproduct_brand&post=16037"},{"taxonomy":"product_cat","embeddable":true,"href":"https:\/\/daraodedo.com\/index.php?rest_route=%2Fwp%2Fv2%2Fproduct_cat&post=16037"},{"taxonomy":"product_tag","embeddable":true,"href":"https:\/\/daraodedo.com\/index.php?rest_route=%2Fwp%2Fv2%2Fproduct_tag&post=16037"}],"curies":[{"name":"wp","href":"https:\/\/api.w.org\/{rel}","templated":true}]}}