{"id":16086,"date":"2025-01-05T16:44:38","date_gmt":"2025-01-05T16:44:38","guid":{"rendered":"https:\/\/new.daraodedo.com\/?post_type=product&#038;p=16086"},"modified":"2025-01-08T18:38:30","modified_gmt":"2025-01-08T18:38:30","slug":"knit-pro-bloqueadores-de-xaileswire-kit","status":"publish","type":"product","link":"https:\/\/daraodedo.com\/?product=knit-pro-bloqueadores-de-xaileswire-kit","title":{"rendered":"KNIT PRO Bloqueadores de xailes(WIRE KIT)"},"content":{"rendered":"<p>Conjunto de acess\u00f3rios para dar forma (<em>blocking<\/em>) aos xailes em malha.<\/p>\n<p><strong> Inclui<\/strong>: 6 cabos de 95cm; 6 cabos de 50cm; 3 cabos flex\u00edveis de 95cm; 20 alfinetes e uma fita-m\u00e9trica.<\/p>\n","protected":false},"excerpt":{"rendered":"<p>Conjunto de acess\u00f3rios para dar forma (blocking) aos xailes em malha. Inclui: 6 cabos de 95cm; 6 cabos de 50cm; 3 cabos flex\u00edveis de 95cm; 20 alfinetes e uma fita-m\u00e9trica.<\/p>\n","protected":false},"featured_media":16720,"comment_status":"closed","ping_status":"closed","template":"","meta":[],"product_brand":[],"product_cat":[480,547,484,537,515,482],"product_tag":[635,636],"class_list":{"0":"post-16086","1":"product","2":"type-product","3":"status-publish","4":"has-post-thumbnail","6":"product_cat-acessorios","7":"product_cat-knit-pro","8":"product_cat-marcas-acessorios","9":"product_cat-outros-tricot","10":"product_cat-outros","11":"product_cat-tricot","12":"product_tag-bloqueadores","13":"product_tag-lace","15":"first","16":"instock","17":"featured","18":"sold-individually","19":"shipping-taxable","20":"purchasable","21":"product-type-simple"},"_links":{"self":[{"href":"https:\/\/daraodedo.com\/index.php?rest_route=\/wp\/v2\/product\/16086","targetHints":{"allow":["GET"]}}],"collection":[{"href":"https:\/\/daraodedo.com\/index.php?rest_route=\/wp\/v2\/product"}],"about":[{"href":"https:\/\/daraodedo.com\/index.php?rest_route=\/wp\/v2\/types\/product"}],"replies":[{"embeddable":true,"href":"https:\/\/daraodedo.com\/index.php?rest_route=%2Fwp%2Fv2%2Fcomments&post=16086"}],"wp:featuredmedia":[{"embeddable":true,"href":"https:\/\/daraodedo.com\/index.php?rest_route=\/wp\/v2\/media\/16720"}],"wp:attachment":[{"href":"https:\/\/daraodedo.com\/index.php?rest_route=%2Fwp%2Fv2%2Fmedia&parent=16086"}],"wp:term":[{"taxonomy":"product_brand","embeddable":true,"href":"https:\/\/daraodedo.com\/index.php?rest_route=%2Fwp%2Fv2%2Fproduct_brand&post=16086"},{"taxonomy":"product_cat","embeddable":true,"href":"https:\/\/daraodedo.com\/index.php?rest_route=%2Fwp%2Fv2%2Fproduct_cat&post=16086"},{"taxonomy":"product_tag","embeddable":true,"href":"https:\/\/daraodedo.com\/index.php?rest_route=%2Fwp%2Fv2%2Fproduct_tag&post=16086"}],"curies":[{"name":"wp","href":"https:\/\/api.w.org\/{rel}","templated":true}]}}