{"id":16097,"date":"2025-01-05T16:44:40","date_gmt":"2025-01-05T16:44:40","guid":{"rendered":"https:\/\/new.daraodedo.com\/?post_type=product&#038;p=16097"},"modified":"2025-01-08T16:11:43","modified_gmt":"2025-01-08T16:11:43","slug":"opal-pullover-sockenwolle-4-ply","status":"publish","type":"product","link":"https:\/\/daraodedo.com\/?product=opal-pullover-sockenwolle-4-ply","title":{"rendered":"OPAL Pullover &amp; Sockenwolle 4-Ply"},"content":{"rendered":"<p>Fio de uma marca Alem\u00e3 pr\u00f3prio para meias. Cada novelo de 100g d\u00e1 para um par de meias de adulto.<\/p>\n","protected":false},"excerpt":{"rendered":"<div>\n<div><strong>Composi\u00e7\u00e3o:\u00a0\u00a0<\/strong> 75% l\u00e3 25% Poliamida<\/div>\n<div><strong>Tamanho:<\/strong> 425 metros<\/div>\n<div><strong>Peso: <\/strong>100g<\/div>\n<div><strong>Agulhas recomendadas:<\/strong> 2,5 mm<\/div>\n<div><strong>Temperatura de lavagem<\/strong>:\u00a0\u00a0 40\u00ba<\/div>\n<\/div>\n<p>&nbsp;<\/p>\n","protected":false},"featured_media":16659,"comment_status":"closed","ping_status":"closed","template":"","meta":[],"product_brand":[],"product_cat":[559,478,463,470,643,644,471],"product_tag":[645,646],"class_list":{"0":"post-16097","1":"product","2":"type-product","3":"status-publish","4":"has-post-thumbnail","6":"product_cat-225-350mm","7":"product_cat-fibra","8":"product_cat-fios","9":"product_cat-la","10":"product_cat-meias-tipos-de-fio","11":"product_cat-opal","12":"product_cat-outono-inverno","13":"product_tag-fios-meias","14":"product_tag-fios-opal","16":"first","17":"instock","18":"shipping-taxable","19":"purchasable","20":"product-type-variable"},"_links":{"self":[{"href":"https:\/\/daraodedo.com\/index.php?rest_route=\/wp\/v2\/product\/16097","targetHints":{"allow":["GET"]}}],"collection":[{"href":"https:\/\/daraodedo.com\/index.php?rest_route=\/wp\/v2\/product"}],"about":[{"href":"https:\/\/daraodedo.com\/index.php?rest_route=\/wp\/v2\/types\/product"}],"replies":[{"embeddable":true,"href":"https:\/\/daraodedo.com\/index.php?rest_route=%2Fwp%2Fv2%2Fcomments&post=16097"}],"wp:featuredmedia":[{"embeddable":true,"href":"https:\/\/daraodedo.com\/index.php?rest_route=\/wp\/v2\/media\/16659"}],"wp:attachment":[{"href":"https:\/\/daraodedo.com\/index.php?rest_route=%2Fwp%2Fv2%2Fmedia&parent=16097"}],"wp:term":[{"taxonomy":"product_brand","embeddable":true,"href":"https:\/\/daraodedo.com\/index.php?rest_route=%2Fwp%2Fv2%2Fproduct_brand&post=16097"},{"taxonomy":"product_cat","embeddable":true,"href":"https:\/\/daraodedo.com\/index.php?rest_route=%2Fwp%2Fv2%2Fproduct_cat&post=16097"},{"taxonomy":"product_tag","embeddable":true,"href":"https:\/\/daraodedo.com\/index.php?rest_route=%2Fwp%2Fv2%2Fproduct_tag&post=16097"}],"curies":[{"name":"wp","href":"https:\/\/api.w.org\/{rel}","templated":true}]}}