{"id":16129,"date":"2025-01-05T16:45:16","date_gmt":"2025-01-05T16:45:16","guid":{"rendered":"https:\/\/new.daraodedo.com\/?post_type=product&#038;p=16129"},"modified":"2025-01-08T15:57:42","modified_gmt":"2025-01-08T15:57:42","slug":"knit-pro-symfonie-agulhas-para-crochet-tunisiano","status":"publish","type":"product","link":"https:\/\/daraodedo.com\/?product=knit-pro-symfonie-agulhas-para-crochet-tunisiano","title":{"rendered":"Knit Pro -Symfonie agulhas para crochet tunisiano"},"content":{"rendered":"<p>Agulhas da linha Symfonie em madeira intercambi\u00e1veis pr\u00f3prias para croch\u00e9 tunisiano.<\/p>\n<p>Estas agulhas funcionam aplicando um cabo da Knit Pro com um tamp\u00e3o que vem sempre junto com o cabo, o mesmo das agulhas circulares intercambi\u00e1veis, com o comprimento que se pretender, dependendo da pe\u00e7a.<\/p>\n","protected":false},"excerpt":{"rendered":"<p>Agulhas da linha Symfonie em madeira intercambi\u00e1veis pr\u00f3prias para croch\u00e9 tunisiano. Estas agulhas funcionam aplicando um cabo da Knit Pro com um tamp\u00e3o que vem sempre junto com o cabo, o mesmo das agulhas circulares intercambi\u00e1veis, com o comprimento que se pretender, dependendo da pe\u00e7a.<\/p>\n","protected":false},"featured_media":16657,"comment_status":"closed","ping_status":"closed","template":"","meta":[],"product_brand":[],"product_cat":[480,481,564,483,522,547,484,482],"product_tag":[654,655,656,596,657],"class_list":{"0":"post-16129","1":"product","2":"type-product","3":"status-publish","4":"has-post-thumbnail","6":"product_cat-acessorios","7":"product_cat-agulhas","8":"product_cat-carteiras","9":"product_cat-circulares","10":"product_cat-crochet","11":"product_cat-knit-pro","12":"product_cat-marcas-acessorios","13":"product_cat-tricot","14":"product_tag-agulhas-crochet-madeira","15":"product_tag-agulhas-crochet-recambiaveis-knit-pro","16":"product_tag-agulhas-crochet-tuniciano","17":"product_tag-agulhas-knit-pro","18":"product_tag-agulhas-madeira-tricot-com-barbela","20":"first","21":"instock","22":"shipping-taxable","23":"purchasable","24":"product-type-variable"},"_links":{"self":[{"href":"https:\/\/daraodedo.com\/index.php?rest_route=\/wp\/v2\/product\/16129","targetHints":{"allow":["GET"]}}],"collection":[{"href":"https:\/\/daraodedo.com\/index.php?rest_route=\/wp\/v2\/product"}],"about":[{"href":"https:\/\/daraodedo.com\/index.php?rest_route=\/wp\/v2\/types\/product"}],"replies":[{"embeddable":true,"href":"https:\/\/daraodedo.com\/index.php?rest_route=%2Fwp%2Fv2%2Fcomments&post=16129"}],"wp:featuredmedia":[{"embeddable":true,"href":"https:\/\/daraodedo.com\/index.php?rest_route=\/wp\/v2\/media\/16657"}],"wp:attachment":[{"href":"https:\/\/daraodedo.com\/index.php?rest_route=%2Fwp%2Fv2%2Fmedia&parent=16129"}],"wp:term":[{"taxonomy":"product_brand","embeddable":true,"href":"https:\/\/daraodedo.com\/index.php?rest_route=%2Fwp%2Fv2%2Fproduct_brand&post=16129"},{"taxonomy":"product_cat","embeddable":true,"href":"https:\/\/daraodedo.com\/index.php?rest_route=%2Fwp%2Fv2%2Fproduct_cat&post=16129"},{"taxonomy":"product_tag","embeddable":true,"href":"https:\/\/daraodedo.com\/index.php?rest_route=%2Fwp%2Fv2%2Fproduct_tag&post=16129"}],"curies":[{"name":"wp","href":"https:\/\/api.w.org\/{rel}","templated":true}]}}