{"id":16139,"date":"2025-01-05T16:45:17","date_gmt":"2025-01-05T16:45:17","guid":{"rendered":"https:\/\/new.daraodedo.com\/?post_type=product&#038;p=16139"},"modified":"2025-01-30T13:46:11","modified_gmt":"2025-01-30T13:46:11","slug":"valeria-di-roma-venus","status":"publish","type":"product","link":"https:\/\/daraodedo.com\/?product=valeria-di-roma-venus","title":{"rendered":"Valeria di Roma  Venus"},"content":{"rendered":"<div class=\"marca\">\n<p>;<\/p>\n<p class=\"descripcion\">\u00a0Este fio de extraordin\u00e1ria qualidade , com uma aspeto lindissimo \u00f3timo para pe\u00e7as de cerim\u00f3nia e n\u00e3o s\u00f3.<\/p>\n<\/div>\n<p class=\"texto\">\n","protected":false},"excerpt":{"rendered":"<p><strong>Composi\u00e7\u00e3o:<\/strong> 83%Viscose 17% poliester<\/p>\n<p><strong>Peso\/Metragem:<\/strong> 50 g = 100 m<\/p>\n<p><strong>Agulhas recomendadas:<\/strong> 4,5mm<\/p>\n<p><strong>Tens\u00e3o da amostra:<\/strong> 10 x 10 cm = 22 pontos x 30 carreiras<\/p>\n<p>Lav\u00e1vel \u00e0 m\u00e1quina programa pe\u00e7as delicadas a temp. m\u00e1x, 30\u00b0C \/N\u00e3o usar amaciador \/N\u00e3o usar ferro\/ Secar na horizontal<\/p>\n","protected":false},"featured_media":17263,"comment_status":"closed","ping_status":"closed","template":"","meta":[],"product_brand":[],"product_cat":[490,491,478,463,530,658,642],"product_tag":[619,659,660],"class_list":{"0":"post-16139","1":"product","2":"type-product","3":"status-publish","4":"has-post-thumbnail","6":"product_cat-350-450mm","7":"product_cat-450-550mm","8":"product_cat-fibra","9":"product_cat-fios","10":"product_cat-primavera-verao","11":"product_cat-punch-needle","12":"product_cat-valeria-di-roma","13":"product_tag-fio-tricot","14":"product_tag-fio-valeria-roma-venus","15":"product_tag-fios-dourados-para-tricot","17":"first","18":"instock","19":"shipping-taxable","20":"purchasable","21":"product-type-variable"},"_links":{"self":[{"href":"https:\/\/daraodedo.com\/index.php?rest_route=\/wp\/v2\/product\/16139","targetHints":{"allow":["GET"]}}],"collection":[{"href":"https:\/\/daraodedo.com\/index.php?rest_route=\/wp\/v2\/product"}],"about":[{"href":"https:\/\/daraodedo.com\/index.php?rest_route=\/wp\/v2\/types\/product"}],"replies":[{"embeddable":true,"href":"https:\/\/daraodedo.com\/index.php?rest_route=%2Fwp%2Fv2%2Fcomments&post=16139"}],"wp:featuredmedia":[{"embeddable":true,"href":"https:\/\/daraodedo.com\/index.php?rest_route=\/wp\/v2\/media\/17263"}],"wp:attachment":[{"href":"https:\/\/daraodedo.com\/index.php?rest_route=%2Fwp%2Fv2%2Fmedia&parent=16139"}],"wp:term":[{"taxonomy":"product_brand","embeddable":true,"href":"https:\/\/daraodedo.com\/index.php?rest_route=%2Fwp%2Fv2%2Fproduct_brand&post=16139"},{"taxonomy":"product_cat","embeddable":true,"href":"https:\/\/daraodedo.com\/index.php?rest_route=%2Fwp%2Fv2%2Fproduct_cat&post=16139"},{"taxonomy":"product_tag","embeddable":true,"href":"https:\/\/daraodedo.com\/index.php?rest_route=%2Fwp%2Fv2%2Fproduct_tag&post=16139"}],"curies":[{"name":"wp","href":"https:\/\/api.w.org\/{rel}","templated":true}]}}