{"id":16235,"date":"2025-01-05T16:46:21","date_gmt":"2025-01-05T16:46:21","guid":{"rendered":"https:\/\/new.daraodedo.com\/?post_type=product&#038;p=16235"},"modified":"2025-01-07T17:35:20","modified_gmt":"2025-01-07T17:35:20","slug":"knit-pro-karbonz-agulhas-de-duas-pontas","status":"publish","type":"product","link":"https:\/\/daraodedo.com\/?product=knit-pro-karbonz-agulhas-de-duas-pontas","title":{"rendered":"Knit Pro KARBONZ &#8211; Agulhas de duas pontas"},"content":{"rendered":"<p>Agulhas de duas pontas em conjuntos de 5 feitas em fibra de carbono, um material muito vers\u00e1til usado na manufatura pela nova gera\u00e7\u00e3o de tricotadeiras .<\/p>\n","protected":false},"excerpt":{"rendered":"<p>Agulhas de duas pontas em conjuntos de 5 feitas em fibra de carbono, um material muito vers\u00e1til usado na manufatura pela nova gera\u00e7\u00e3o de tricotadeiras .<\/p>\n","protected":false},"featured_media":16617,"comment_status":"closed","ping_status":"closed","template":"","meta":[],"product_brand":[],"product_cat":[480,481,547,484,525,524,482],"product_tag":[695,696,595,697],"class_list":{"0":"post-16235","1":"product","2":"type-product","3":"status-publish","4":"has-post-thumbnail","6":"product_cat-acessorios","7":"product_cat-agulhas","8":"product_cat-knit-pro","9":"product_cat-marcas-acessorios","10":"product_cat-meias-2","11":"product_cat-meias","12":"product_cat-tricot","13":"product_tag-agulhas-de-duas-pontas-carbono","14":"product_tag-agulhas-de-renda-circular","15":"product_tag-knit-pro","16":"product_tag-knit-pro-carbonz","18":"first","19":"instock","20":"shipping-taxable","21":"purchasable","22":"product-type-variable"},"_links":{"self":[{"href":"https:\/\/daraodedo.com\/index.php?rest_route=\/wp\/v2\/product\/16235","targetHints":{"allow":["GET"]}}],"collection":[{"href":"https:\/\/daraodedo.com\/index.php?rest_route=\/wp\/v2\/product"}],"about":[{"href":"https:\/\/daraodedo.com\/index.php?rest_route=\/wp\/v2\/types\/product"}],"replies":[{"embeddable":true,"href":"https:\/\/daraodedo.com\/index.php?rest_route=%2Fwp%2Fv2%2Fcomments&post=16235"}],"wp:featuredmedia":[{"embeddable":true,"href":"https:\/\/daraodedo.com\/index.php?rest_route=\/wp\/v2\/media\/16617"}],"wp:attachment":[{"href":"https:\/\/daraodedo.com\/index.php?rest_route=%2Fwp%2Fv2%2Fmedia&parent=16235"}],"wp:term":[{"taxonomy":"product_brand","embeddable":true,"href":"https:\/\/daraodedo.com\/index.php?rest_route=%2Fwp%2Fv2%2Fproduct_brand&post=16235"},{"taxonomy":"product_cat","embeddable":true,"href":"https:\/\/daraodedo.com\/index.php?rest_route=%2Fwp%2Fv2%2Fproduct_cat&post=16235"},{"taxonomy":"product_tag","embeddable":true,"href":"https:\/\/daraodedo.com\/index.php?rest_route=%2Fwp%2Fv2%2Fproduct_tag&post=16235"}],"curies":[{"name":"wp","href":"https:\/\/api.w.org\/{rel}","templated":true}]}}