{"id":16249,"date":"2025-01-05T16:46:42","date_gmt":"2025-01-05T16:46:42","guid":{"rendered":"https:\/\/new.daraodedo.com\/?post_type=product&#038;p=16249"},"modified":"2025-01-30T12:08:48","modified_gmt":"2025-01-30T12:08:48","slug":"knit-pro-regua-em-forma-de-elefante","status":"publish","type":"product","link":"https:\/\/daraodedo.com\/?product=knit-pro-regua-em-forma-de-elefante","title":{"rendered":"Knit Pro  R\u00e9guas para medir amostras e agulhas"},"content":{"rendered":"<p>Servem para medir amostras, agulhas tric\u00f4 e croch\u00ea e ainda a de forma de elefante pode cortar o fio, boa op\u00e7\u00e3o para quem gosta de tricotar na sua viagem\u00a0 de avi\u00e3o, como n\u00e3o podemos levar tesoura.<\/p>\n","protected":false},"excerpt":{"rendered":"<p>R\u00e9guade medir\u00a0 amostras, agulhas de tricot e crochet e ainda pode cortar o fio.<\/p>\n","protected":false},"featured_media":16615,"comment_status":"closed","ping_status":"closed","template":"","meta":[],"product_brand":[],"product_cat":[480,547,484,515],"product_tag":[701,702],"class_list":{"0":"post-16249","1":"product","2":"type-product","3":"status-publish","4":"has-post-thumbnail","6":"product_cat-acessorios","7":"product_cat-knit-pro","8":"product_cat-marcas-acessorios","9":"product_cat-outros","10":"product_tag-medir-agulhas-crochet","11":"product_tag-regua-knit-pro","13":"first","14":"instock","15":"shipping-taxable","16":"purchasable","17":"product-type-variable"},"_links":{"self":[{"href":"https:\/\/daraodedo.com\/index.php?rest_route=\/wp\/v2\/product\/16249","targetHints":{"allow":["GET"]}}],"collection":[{"href":"https:\/\/daraodedo.com\/index.php?rest_route=\/wp\/v2\/product"}],"about":[{"href":"https:\/\/daraodedo.com\/index.php?rest_route=\/wp\/v2\/types\/product"}],"replies":[{"embeddable":true,"href":"https:\/\/daraodedo.com\/index.php?rest_route=%2Fwp%2Fv2%2Fcomments&post=16249"}],"wp:featuredmedia":[{"embeddable":true,"href":"https:\/\/daraodedo.com\/index.php?rest_route=\/wp\/v2\/media\/16615"}],"wp:attachment":[{"href":"https:\/\/daraodedo.com\/index.php?rest_route=%2Fwp%2Fv2%2Fmedia&parent=16249"}],"wp:term":[{"taxonomy":"product_brand","embeddable":true,"href":"https:\/\/daraodedo.com\/index.php?rest_route=%2Fwp%2Fv2%2Fproduct_brand&post=16249"},{"taxonomy":"product_cat","embeddable":true,"href":"https:\/\/daraodedo.com\/index.php?rest_route=%2Fwp%2Fv2%2Fproduct_cat&post=16249"},{"taxonomy":"product_tag","embeddable":true,"href":"https:\/\/daraodedo.com\/index.php?rest_route=%2Fwp%2Fv2%2Fproduct_tag&post=16249"}],"curies":[{"name":"wp","href":"https:\/\/api.w.org\/{rel}","templated":true}]}}