{"id":16265,"date":"2025-01-05T16:46:44","date_gmt":"2025-01-05T16:46:44","guid":{"rendered":"https:\/\/new.daraodedo.com\/?post_type=product&#038;p=16265"},"modified":"2025-01-07T17:19:31","modified_gmt":"2025-01-07T17:19:31","slug":"ito-kinu","status":"publish","type":"product","link":"https:\/\/daraodedo.com\/?product=ito-kinu","title":{"rendered":"ITO  Kinu"},"content":{"rendered":"<p>ITO Kinu\u00a0 de origem Japonesa, \u00e9 um fio 100% seda,\u00a0 tamb\u00e9m chamado de seda org\u00e2nica, pois \u00e9 produzido a partir das sobras da seda do filamento.\u00a0Fibras diferentemente coloridas s\u00e3o misturadas para este fio de seda, para produzir um efeito de mistura.\u00a0Kinu \u00e9 um fio de seda para todos os fins &#8211; tanto para desportivo como\u00a0 para uso elegante. Pode tricotar s\u00f3 com um fio ou\u00a0 em fio duplo.\u00a0Aproveite a sua sensa\u00e7\u00e3o agrad\u00e1vel.<\/p>\n","protected":false},"excerpt":{"rendered":"<div class=\"field field-name-field-yarn-composition field-type-text-long field-label-inline clearfix\">\n<div><\/div>\n<div><strong>Composi\u00e7\u00e3o:<\/strong>\u00a0100% seda<\/div>\n<div><strong>Peso\/Metragem:<\/strong>\u00a050 g = cerca de 425 m<\/div>\n<div><strong>Agulhas recomendadas: <\/strong>\u00a0Para 1 fio simples 2\/3mm- Para 2 fios juntos 3,5\/4,5 mm<\/div>\n<div><strong>Instru\u00e7\u00f5es de lavagem:\u00a0\u00a0<\/strong>\u00e1 m\u00e3o<\/div>\n<div><\/div>\n<\/div>\n<div class=\"field field-name-field-yarn-care field-type-text field-label-inline clearfix\">\n<div class=\"field-items\">\n<div class=\"field-item even\"><\/div>\n<\/div>\n<\/div>\n","protected":false},"featured_media":16608,"comment_status":"closed","ping_status":"closed","template":"","meta":[],"product_brand":[],"product_cat":[704,559,463,705,530,658,493],"product_tag":[706,707,708,709],"class_list":{"0":"post-16265","1":"product","2":"type-product","3":"status-publish","4":"has-post-thumbnail","6":"product_cat-150-200mm","7":"product_cat-225-350mm","8":"product_cat-fios","9":"product_cat-ito","10":"product_cat-primavera-verao","11":"product_cat-punch-needle","12":"product_cat-seda","13":"product_tag-fio-ito-kinu","14":"product_tag-fio-japones-kinu","15":"product_tag-ito","16":"product_tag-kinu","18":"first","19":"instock","20":"shipping-taxable","21":"purchasable","22":"product-type-variable"},"_links":{"self":[{"href":"https:\/\/daraodedo.com\/index.php?rest_route=\/wp\/v2\/product\/16265","targetHints":{"allow":["GET"]}}],"collection":[{"href":"https:\/\/daraodedo.com\/index.php?rest_route=\/wp\/v2\/product"}],"about":[{"href":"https:\/\/daraodedo.com\/index.php?rest_route=\/wp\/v2\/types\/product"}],"replies":[{"embeddable":true,"href":"https:\/\/daraodedo.com\/index.php?rest_route=%2Fwp%2Fv2%2Fcomments&post=16265"}],"wp:featuredmedia":[{"embeddable":true,"href":"https:\/\/daraodedo.com\/index.php?rest_route=\/wp\/v2\/media\/16608"}],"wp:attachment":[{"href":"https:\/\/daraodedo.com\/index.php?rest_route=%2Fwp%2Fv2%2Fmedia&parent=16265"}],"wp:term":[{"taxonomy":"product_brand","embeddable":true,"href":"https:\/\/daraodedo.com\/index.php?rest_route=%2Fwp%2Fv2%2Fproduct_brand&post=16265"},{"taxonomy":"product_cat","embeddable":true,"href":"https:\/\/daraodedo.com\/index.php?rest_route=%2Fwp%2Fv2%2Fproduct_cat&post=16265"},{"taxonomy":"product_tag","embeddable":true,"href":"https:\/\/daraodedo.com\/index.php?rest_route=%2Fwp%2Fv2%2Fproduct_tag&post=16265"}],"curies":[{"name":"wp","href":"https:\/\/api.w.org\/{rel}","templated":true}]}}