{"id":16287,"date":"2025-01-05T16:47:04","date_gmt":"2025-01-05T16:47:04","guid":{"rendered":"https:\/\/new.daraodedo.com\/?post_type=product&#038;p=16287"},"modified":"2025-01-07T17:08:15","modified_gmt":"2025-01-07T17:08:15","slug":"woolly-hugs-frottee","status":"publish","type":"product","link":"https:\/\/daraodedo.com\/?product=woolly-hugs-frottee","title":{"rendered":"WOOLLY HUGS &#8211; Frottee"},"content":{"rendered":"<p>Fio de espessura m\u00e9dia 100% algod\u00e3o chama-se farfalhudo por ser um fio com nozinhos que lhe d\u00e1 esse aspecto. Fio \u00f3timo para fazer artigos para casinha, casa de banho( para substituir a esponja do banho). Pode ser lavado a 60\u00ba<\/p>\n","protected":false},"excerpt":{"rendered":"<div class=\"woocommerce-product-details__short-description\"><strong>Composi\u00e7\u00e3o:<\/strong>100% Algod\u00e3o<\/div>\n<div class=\"woocommerce-product-details__short-description\"><strong>Espessura:<\/strong> 125 mt<\/div>\n<div class=\"woocommerce-product-details__short-description\"><strong>Peso:<\/strong> 50g<\/div>\n<div class=\"woocommerce-product-details__short-description\"><strong>Agulhas recomendadas:<\/strong>\u00a03,5\/4mm Temperatura de lavagem: 60\u00baC<\/div>\n","protected":false},"featured_media":16601,"comment_status":"closed","ping_status":"closed","template":"","meta":[],"product_brand":[],"product_cat":[490,529,463,715],"product_tag":[716,717,718,719,720],"class_list":{"0":"post-16287","1":"product","2":"type-product","3":"status-publish","4":"has-post-thumbnail","6":"product_cat-350-450mm","7":"product_cat-algodao","8":"product_cat-fios","9":"product_cat-woolly-hugs","10":"product_tag-fio-felpudo","11":"product_tag-fio-para-bebe","12":"product_tag-fio-tricot-e-crochet","13":"product_tag-fios-trico","14":"product_tag-hully-hugs","16":"first","17":"instock","18":"shipping-taxable","19":"purchasable","20":"product-type-variable"},"_links":{"self":[{"href":"https:\/\/daraodedo.com\/index.php?rest_route=\/wp\/v2\/product\/16287","targetHints":{"allow":["GET"]}}],"collection":[{"href":"https:\/\/daraodedo.com\/index.php?rest_route=\/wp\/v2\/product"}],"about":[{"href":"https:\/\/daraodedo.com\/index.php?rest_route=\/wp\/v2\/types\/product"}],"replies":[{"embeddable":true,"href":"https:\/\/daraodedo.com\/index.php?rest_route=%2Fwp%2Fv2%2Fcomments&post=16287"}],"wp:featuredmedia":[{"embeddable":true,"href":"https:\/\/daraodedo.com\/index.php?rest_route=\/wp\/v2\/media\/16601"}],"wp:attachment":[{"href":"https:\/\/daraodedo.com\/index.php?rest_route=%2Fwp%2Fv2%2Fmedia&parent=16287"}],"wp:term":[{"taxonomy":"product_brand","embeddable":true,"href":"https:\/\/daraodedo.com\/index.php?rest_route=%2Fwp%2Fv2%2Fproduct_brand&post=16287"},{"taxonomy":"product_cat","embeddable":true,"href":"https:\/\/daraodedo.com\/index.php?rest_route=%2Fwp%2Fv2%2Fproduct_cat&post=16287"},{"taxonomy":"product_tag","embeddable":true,"href":"https:\/\/daraodedo.com\/index.php?rest_route=%2Fwp%2Fv2%2Fproduct_tag&post=16287"}],"curies":[{"name":"wp","href":"https:\/\/api.w.org\/{rel}","templated":true}]}}