{"id":16295,"date":"2025-01-05T16:47:05","date_gmt":"2025-01-05T16:47:05","guid":{"rendered":"https:\/\/new.daraodedo.com\/?post_type=product&#038;p=16295"},"modified":"2025-08-07T17:57:11","modified_gmt":"2025-08-07T17:57:11","slug":"limol-fio-100-algodao-mercerizado-cinta-laranja-200g","status":"publish","type":"product","link":"https:\/\/daraodedo.com\/?product=limol-fio-100-algodao-mercerizado-cinta-laranja-200g","title":{"rendered":"Limol Fio 100% Algod\u00e3o Mercerizado Cinta Laranja (200g)"},"content":{"rendered":"<p>Algod\u00e3o 100% mercerizado para trabalhos finos e m\u00e9dios\u00a0 em croch\u00e9 e tric\u00f4 de excelente qualidade. Pode fazer meias, trabalhos rendados,\u00a0 casacos vestidos de batizado, muito usada tamb\u00e9m para urdidura de teares.<\/p>\n<p>As fotos apenas servem para referenciar a cor, embora possa diferir de do nr. espessura que procura.<\/p>\n<p>&nbsp;<\/p>\n<p>Produto Fabricado em Portugal pela <strong>Limol<\/strong> empresa portuguesa com 45 anos de exist\u00eancia no mercado.<\/p>\n","protected":false},"excerpt":{"rendered":"<p><strong>Composi\u00e7\u00e3o<\/strong>: 100% algod\u00e3o mercerizado<\/p>\n<p><strong>Peso:<\/strong>\u00a0Meadas de 200gr<\/p>\n<p><strong>Espessura\/Metragem:\u00a0<\/strong>4\/476 m &#8211; 6\/646 m &#8211; 8\/870 m &#8211; 12\/1334 m- 20\/2260 m<\/p>\n<p><strong>\u00a0Agulha<\/strong> : 1,5\/2,5 mm\/3 mm\/3,5 mm\/4 mm Lavagem \u00e1 maquina ;<\/p>\n","protected":false},"featured_media":17120,"comment_status":"closed","ping_status":"closed","template":"","meta":[],"product_brand":[],"product_cat":[704,559,490,529,721,463,532,643,722,530],"product_tag":[727,723,726,664,853,534],"class_list":{"0":"post-16295","1":"product","2":"type-product","3":"status-publish","4":"has-post-thumbnail","6":"product_cat-150-200mm","7":"product_cat-225-350mm","8":"product_cat-350-450mm","9":"product_cat-algodao","10":"product_cat-crochet-tipos-de-fio","11":"product_cat-fios","12":"product_cat-limol","13":"product_cat-meias-tipos-de-fio","14":"product_cat-natal","15":"product_cat-primavera-verao","16":"product_tag-cinta-laranja-limol","17":"product_tag-fio-100-mercerizado","18":"product_tag-fio-limol","19":"product_tag-fios-crochet","20":"product_tag-fios-de-crochet-em-meadas-limol","21":"product_tag-limol","23":"first","24":"instock","25":"shipping-taxable","26":"purchasable","27":"product-type-variable"},"_links":{"self":[{"href":"https:\/\/daraodedo.com\/index.php?rest_route=\/wp\/v2\/product\/16295","targetHints":{"allow":["GET"]}}],"collection":[{"href":"https:\/\/daraodedo.com\/index.php?rest_route=\/wp\/v2\/product"}],"about":[{"href":"https:\/\/daraodedo.com\/index.php?rest_route=\/wp\/v2\/types\/product"}],"replies":[{"embeddable":true,"href":"https:\/\/daraodedo.com\/index.php?rest_route=%2Fwp%2Fv2%2Fcomments&post=16295"}],"wp:featuredmedia":[{"embeddable":true,"href":"https:\/\/daraodedo.com\/index.php?rest_route=\/wp\/v2\/media\/17120"}],"wp:attachment":[{"href":"https:\/\/daraodedo.com\/index.php?rest_route=%2Fwp%2Fv2%2Fmedia&parent=16295"}],"wp:term":[{"taxonomy":"product_brand","embeddable":true,"href":"https:\/\/daraodedo.com\/index.php?rest_route=%2Fwp%2Fv2%2Fproduct_brand&post=16295"},{"taxonomy":"product_cat","embeddable":true,"href":"https:\/\/daraodedo.com\/index.php?rest_route=%2Fwp%2Fv2%2Fproduct_cat&post=16295"},{"taxonomy":"product_tag","embeddable":true,"href":"https:\/\/daraodedo.com\/index.php?rest_route=%2Fwp%2Fv2%2Fproduct_tag&post=16295"}],"curies":[{"name":"wp","href":"https:\/\/api.w.org\/{rel}","templated":true}]}}