{"id":16298,"date":"2025-01-05T16:47:06","date_gmt":"2025-01-05T16:47:06","guid":{"rendered":"https:\/\/new.daraodedo.com\/?post_type=product&#038;p=16298"},"modified":"2026-03-02T17:29:10","modified_gmt":"2026-03-02T17:29:10","slug":"limol-extra-cotton","status":"publish","type":"product","link":"https:\/\/daraodedo.com\/?product=limol-extra-cotton","title":{"rendered":"Limol Extra  Cotton"},"content":{"rendered":"<p>Fio 100% Algod\u00e3o Penteado Eg\u00edpcio de\u00a0 \u00f3tima qualidade. Muito macio excelente para camisolas e casacos de senhora.<\/p>\n<p><strong>OBS:\u00a0<\/strong>Quando fazemos trabalhos em algod\u00e3o devemos reduzir um pouco \u00e1s medidas porque normalmente ele vai alargar sempre um pouco com as lavagens, \u00e9 o inverso da l\u00e3 que encolhe.<\/p>\n<p>Produto Fabricado em Portugal pela <strong>Limol<\/strong> empresa portuguesa com 45 anos de exist\u00eancia no mercado<\/p>\n","protected":false},"excerpt":{"rendered":"<p><strong>Composi\u00e7\u00e3o:<\/strong>100% Algod\u00e3o Penteado Eg\u00edpcio<\/p>\n<p><strong>Tamanho:<\/strong>\u00a0 114\/227 metros<\/p>\n<p><strong>Peso: <\/strong>50g\/100g<\/p>\n<p><strong>Agulhas recomendadas:<\/strong> 3.5 &#8211; 4,00 mm Temperatura de lavagem: a m\u00e3o em \u00e1gua fria,\u00a0 n\u00e3o usar cloro<\/p>\n","protected":false},"featured_media":16744,"comment_status":"closed","ping_status":"closed","template":"","meta":[],"product_brand":[],"product_cat":[490,529,692,463,532,530],"product_tag":[728,523,729,730,667,534,528],"class_list":{"0":"post-16298","1":"product","2":"type-product","3":"status-publish","4":"has-post-thumbnail","6":"product_cat-350-450mm","7":"product_cat-algodao","8":"product_cat-bebe","9":"product_cat-fios","10":"product_cat-limol","11":"product_cat-primavera-verao","12":"product_tag-cotton-extra-limol","13":"product_tag-crochet","14":"product_tag-fio-100algodao-mercerizado-limol","15":"product_tag-fio-algodao-limol","16":"product_tag-fios-100-algodao","17":"product_tag-limol","18":"product_tag-tricot","20":"first","21":"instock","22":"shipping-taxable","23":"purchasable","24":"product-type-variable"},"_links":{"self":[{"href":"https:\/\/daraodedo.com\/index.php?rest_route=\/wp\/v2\/product\/16298","targetHints":{"allow":["GET"]}}],"collection":[{"href":"https:\/\/daraodedo.com\/index.php?rest_route=\/wp\/v2\/product"}],"about":[{"href":"https:\/\/daraodedo.com\/index.php?rest_route=\/wp\/v2\/types\/product"}],"replies":[{"embeddable":true,"href":"https:\/\/daraodedo.com\/index.php?rest_route=%2Fwp%2Fv2%2Fcomments&post=16298"}],"wp:featuredmedia":[{"embeddable":true,"href":"https:\/\/daraodedo.com\/index.php?rest_route=\/wp\/v2\/media\/16744"}],"wp:attachment":[{"href":"https:\/\/daraodedo.com\/index.php?rest_route=%2Fwp%2Fv2%2Fmedia&parent=16298"}],"wp:term":[{"taxonomy":"product_brand","embeddable":true,"href":"https:\/\/daraodedo.com\/index.php?rest_route=%2Fwp%2Fv2%2Fproduct_brand&post=16298"},{"taxonomy":"product_cat","embeddable":true,"href":"https:\/\/daraodedo.com\/index.php?rest_route=%2Fwp%2Fv2%2Fproduct_cat&post=16298"},{"taxonomy":"product_tag","embeddable":true,"href":"https:\/\/daraodedo.com\/index.php?rest_route=%2Fwp%2Fv2%2Fproduct_tag&post=16298"}],"curies":[{"name":"wp","href":"https:\/\/api.w.org\/{rel}","templated":true}]}}