{"id":16323,"date":"2025-01-05T16:47:28","date_gmt":"2025-01-05T16:47:28","guid":{"rendered":"https:\/\/new.daraodedo.com\/?post_type=product&#038;p=16323"},"modified":"2026-03-12T10:42:35","modified_gmt":"2026-03-12T10:42:35","slug":"woolly-hugs-year-socks","status":"publish","type":"product","link":"https:\/\/daraodedo.com\/?product=woolly-hugs-year-socks","title":{"rendered":"WOOLLY HUGS &#8211; Year socks"},"content":{"rendered":"<p>Fio de l\u00e3 muito macia pr\u00f3prio para meias mas tamb\u00e9m d\u00e1 para fazer xailes, cachec\u00f3is e camisolas.<\/p>\n","protected":false},"excerpt":{"rendered":"<p><strong>Composi\u00e7\u00e3o:<\/strong> 75% l\u00e3 25% Poliamida<\/p>\n<p><strong>Peso\/Metragem:<\/strong> 100 g = cerca de 400 m<\/p>\n<p><strong>Agulhas recomendadas:\u00a0 <\/strong>2,5 \/3,0 mm<\/p>\n<p><strong>Tens\u00e3o da amostra:<\/strong> 10 x 10 cm = 29 pontos x 38 carreiras Lavar em programa l\u00e3 \u00e0 temperatura m\u00e1xima de 40\u00b0C\/Secar na horizontal<\/p>\n","protected":false},"featured_media":16569,"comment_status":"closed","ping_status":"closed","template":"","meta":[],"product_brand":[],"product_cat":[559,463,470,643,525,471,715],"product_tag":[734,622,736,737,731],"class_list":{"0":"post-16323","1":"product","2":"type-product","3":"status-publish","4":"has-post-thumbnail","6":"product_cat-225-350mm","7":"product_cat-fios","8":"product_cat-la","9":"product_cat-meias-tipos-de-fio","10":"product_cat-meias-2","11":"product_cat-outono-inverno","12":"product_cat-woolly-hugs","13":"product_tag-fios-de-trico","14":"product_tag-fios-de-tricot-e-crochet","15":"product_tag-fios-matizados-de-trico","16":"product_tag-fios-para-meias","17":"product_tag-fios-pro-lana","19":"first","20":"instock","21":"shipping-taxable","22":"purchasable","23":"product-type-variable"},"_links":{"self":[{"href":"https:\/\/daraodedo.com\/index.php?rest_route=\/wp\/v2\/product\/16323","targetHints":{"allow":["GET"]}}],"collection":[{"href":"https:\/\/daraodedo.com\/index.php?rest_route=\/wp\/v2\/product"}],"about":[{"href":"https:\/\/daraodedo.com\/index.php?rest_route=\/wp\/v2\/types\/product"}],"replies":[{"embeddable":true,"href":"https:\/\/daraodedo.com\/index.php?rest_route=%2Fwp%2Fv2%2Fcomments&post=16323"}],"wp:featuredmedia":[{"embeddable":true,"href":"https:\/\/daraodedo.com\/index.php?rest_route=\/wp\/v2\/media\/16569"}],"wp:attachment":[{"href":"https:\/\/daraodedo.com\/index.php?rest_route=%2Fwp%2Fv2%2Fmedia&parent=16323"}],"wp:term":[{"taxonomy":"product_brand","embeddable":true,"href":"https:\/\/daraodedo.com\/index.php?rest_route=%2Fwp%2Fv2%2Fproduct_brand&post=16323"},{"taxonomy":"product_cat","embeddable":true,"href":"https:\/\/daraodedo.com\/index.php?rest_route=%2Fwp%2Fv2%2Fproduct_cat&post=16323"},{"taxonomy":"product_tag","embeddable":true,"href":"https:\/\/daraodedo.com\/index.php?rest_route=%2Fwp%2Fv2%2Fproduct_tag&post=16323"}],"curies":[{"name":"wp","href":"https:\/\/api.w.org\/{rel}","templated":true}]}}