{"id":16327,"date":"2025-01-05T16:47:28","date_gmt":"2025-01-05T16:47:28","guid":{"rendered":"https:\/\/new.daraodedo.com\/?post_type=product&#038;p=16327"},"modified":"2025-09-29T16:08:51","modified_gmt":"2025-09-29T16:08:51","slug":"lavor-agulha-magica-fada-do-lar-punch-needle","status":"publish","type":"product","link":"https:\/\/daraodedo.com\/?product=lavor-agulha-magica-fada-do-lar-punch-needle","title":{"rendered":"LAVOR &#8211; Agulha M\u00e1gica -Fada do Lar &#8211; Punch needle"},"content":{"rendered":"<p>Existem v\u00e1rias designa\u00e7\u00f5es para esta agulha &#8211;\u00a0 Agulha M\u00e1gica .Fada do lar . Pounch needle. Temos em dois modelos diferentes:<\/p>\n<ul>\n<li><strong>FINA- <\/strong>para fios finos ou m\u00e9dios &#8211; inclui 3 pontas de agulha para 2mm, 2,5mm e 3,0mm.<\/li>\n<li><strong>M\u00c9DIA- <\/strong>para fios m\u00e9dios de\u00a0 3,5mm a 5mm<\/li>\n<li><b>GROSSA- <\/b>para fios grossos &#8211; espessura 5,5 ou mais<\/li>\n<\/ul>\n<p>Produzida em Portugal ;<\/p>\n","protected":false},"excerpt":{"rendered":"<p>Existem v\u00e1rias designa\u00e7\u00f5es para esta agulha &#8211;\u00a0 Agulha M\u00e1gica .Fada do lar . Pounch needle. Temos em dois modelos diferentes: FINA- para fios finos ou m\u00e9dios &#8211; inclui 3 pontas de agulha para 2mm, 2,5mm e 3,0mm. M\u00c9DIA- para fios m\u00e9dios de\u00a0 3,5mm a 5mm GROSSA- para fios grossos &#8211; espessura 5,5 ou mais Produzida [&#8230;]\n","protected":false},"featured_media":10926,"comment_status":"closed","ping_status":"closed","template":"","meta":[],"product_brand":[],"product_cat":[480,481,520,484,537,658],"product_tag":[738,739,740],"class_list":{"0":"post-16327","1":"product","2":"type-product","3":"status-publish","4":"has-post-thumbnail","6":"product_cat-acessorios","7":"product_cat-agulhas","8":"product_cat-lavor","9":"product_cat-marcas-acessorios","10":"product_cat-outros-tricot","11":"product_cat-punch-needle","12":"product_tag-agulha-magica","13":"product_tag-fada-do-lar","14":"product_tag-punch-needle","16":"first","17":"instock","18":"shipping-taxable","19":"purchasable","20":"product-type-variable"},"_links":{"self":[{"href":"https:\/\/daraodedo.com\/index.php?rest_route=\/wp\/v2\/product\/16327","targetHints":{"allow":["GET"]}}],"collection":[{"href":"https:\/\/daraodedo.com\/index.php?rest_route=\/wp\/v2\/product"}],"about":[{"href":"https:\/\/daraodedo.com\/index.php?rest_route=\/wp\/v2\/types\/product"}],"replies":[{"embeddable":true,"href":"https:\/\/daraodedo.com\/index.php?rest_route=%2Fwp%2Fv2%2Fcomments&post=16327"}],"wp:featuredmedia":[{"embeddable":true,"href":"https:\/\/daraodedo.com\/index.php?rest_route=\/wp\/v2\/media\/10926"}],"wp:attachment":[{"href":"https:\/\/daraodedo.com\/index.php?rest_route=%2Fwp%2Fv2%2Fmedia&parent=16327"}],"wp:term":[{"taxonomy":"product_brand","embeddable":true,"href":"https:\/\/daraodedo.com\/index.php?rest_route=%2Fwp%2Fv2%2Fproduct_brand&post=16327"},{"taxonomy":"product_cat","embeddable":true,"href":"https:\/\/daraodedo.com\/index.php?rest_route=%2Fwp%2Fv2%2Fproduct_cat&post=16327"},{"taxonomy":"product_tag","embeddable":true,"href":"https:\/\/daraodedo.com\/index.php?rest_route=%2Fwp%2Fv2%2Fproduct_tag&post=16327"}],"curies":[{"name":"wp","href":"https:\/\/api.w.org\/{rel}","templated":true}]}}