{"id":16402,"date":"2025-01-05T16:48:47","date_gmt":"2025-01-05T16:48:47","guid":{"rendered":"https:\/\/new.daraodedo.com\/?post_type=product&#038;p=16402"},"modified":"2025-01-06T19:45:38","modified_gmt":"2025-01-06T19:45:38","slug":"olhos-de-seguranca-para-amigurimis","status":"publish","type":"product","link":"https:\/\/daraodedo.com\/?product=olhos-de-seguranca-para-amigurimis","title":{"rendered":"Olhos de seguran\u00e7a para amigurimis"},"content":{"rendered":"<p>Use estes pares de olhos unidos para adicionar car\u00e1ter e personalidade \u00e0s suas cria\u00e7\u00f5es de brinquedos em trico,\u00a0 croch\u00ea ou tecido.\u00a0 Basta perfur\u00e1-los atrav\u00e9s do tecido ou malhas e prender com o pequeno disco de seguran\u00e7a (inclu\u00eddo).<\/p>\n","protected":false},"excerpt":{"rendered":"<p>Dispon\u00edvel em\u00a0 branco com larguras de 16 mm ou 20 mm<\/p>\n","protected":false},"featured_media":11031,"comment_status":"closed","ping_status":"closed","template":"","meta":[],"product_brand":[],"product_cat":[480,563],"product_tag":[770,771,772],"class_list":{"0":"post-16402","1":"product","2":"type-product","3":"status-publish","4":"has-post-thumbnail","6":"product_cat-acessorios","7":"product_cat-amigurimis","8":"product_tag-amigurimis","9":"product_tag-amigurimis-acessorios","10":"product_tag-olhos-para-amigurimis","12":"first","13":"instock","14":"shipping-taxable","15":"purchasable","16":"product-type-variable"},"_links":{"self":[{"href":"https:\/\/daraodedo.com\/index.php?rest_route=\/wp\/v2\/product\/16402","targetHints":{"allow":["GET"]}}],"collection":[{"href":"https:\/\/daraodedo.com\/index.php?rest_route=\/wp\/v2\/product"}],"about":[{"href":"https:\/\/daraodedo.com\/index.php?rest_route=\/wp\/v2\/types\/product"}],"replies":[{"embeddable":true,"href":"https:\/\/daraodedo.com\/index.php?rest_route=%2Fwp%2Fv2%2Fcomments&post=16402"}],"wp:featuredmedia":[{"embeddable":true,"href":"https:\/\/daraodedo.com\/index.php?rest_route=\/wp\/v2\/media\/11031"}],"wp:attachment":[{"href":"https:\/\/daraodedo.com\/index.php?rest_route=%2Fwp%2Fv2%2Fmedia&parent=16402"}],"wp:term":[{"taxonomy":"product_brand","embeddable":true,"href":"https:\/\/daraodedo.com\/index.php?rest_route=%2Fwp%2Fv2%2Fproduct_brand&post=16402"},{"taxonomy":"product_cat","embeddable":true,"href":"https:\/\/daraodedo.com\/index.php?rest_route=%2Fwp%2Fv2%2Fproduct_cat&post=16402"},{"taxonomy":"product_tag","embeddable":true,"href":"https:\/\/daraodedo.com\/index.php?rest_route=%2Fwp%2Fv2%2Fproduct_tag&post=16402"}],"curies":[{"name":"wp","href":"https:\/\/api.w.org\/{rel}","templated":true}]}}