{"id":16428,"date":"2025-01-05T16:49:10","date_gmt":"2025-01-05T16:49:10","guid":{"rendered":"https:\/\/new.daraodedo.com\/?post_type=product&#038;p=16428"},"modified":"2026-03-12T09:52:14","modified_gmt":"2026-03-12T09:52:14","slug":"pro-lana-100-la-proprio-para-feltragem","status":"publish","type":"product","link":"https:\/\/daraodedo.com\/?product=pro-lana-100-la-proprio-para-feltragem","title":{"rendered":"PRO LANA 100% l\u00e3 pr\u00f3prio para feltragem nov. 50g"},"content":{"rendered":"<p>Pro Lana \u00e9 sin\u00f3nimo de qualidade a pre\u00e7os acess\u00edveis e fios de confian\u00e7a.<\/p>\n<p>Os fios s\u00e3o produzidos de forma ecol\u00f3gica.<\/p>\n<p>O Fio Wash Filtz multicolor e o\u00a0 tem uma sequ\u00eancia de cores lind\u00edssimas, depois de feltrados d\u00e3o um efeito maravilhoso.<\/p>\n","protected":false},"excerpt":{"rendered":"<div><strong>Composi\u00e7\u00e3o:<\/strong> 100% l\u00e3<\/div>\n<div><strong>Grupo de fios:<\/strong> C (16 \u2013 19 malhas)<\/div>\n<div><strong>Peso\/Metragem:<\/strong> 50 g = cerca de 50 m<\/div>\n<div><strong>Agulhas recomendadas:<\/strong> 6\/8mm<\/div>\n<div><strong>Tens\u00e3o da amostra:<\/strong> 10 x 10 cm = 12 pontos x 17 carreiras<\/div>\n<div>Lavar \u00e0 m\u00e3o a uma temperatura m\u00e1xima de 30\u00b0C \/ Secar na horizontal \/ Para feltragem<\/div>\n","protected":false},"featured_media":16532,"comment_status":"closed","ping_status":"closed","template":"","meta":[],"product_brand":[],"product_cat":[669,465,564,464,670,463,470,468,471,586],"product_tag":[777,562,778,779,589,528],"class_list":{"0":"post-16428","1":"product","2":"type-product","3":"status-publish","4":"has-post-thumbnail","6":"product_cat-550-650mm","7":"product_cat-650-900mm","8":"product_cat-carteiras","9":"product_cat-espessura-de-fio","10":"product_cat-feltragem","11":"product_cat-fios","12":"product_cat-la","13":"product_cat-marcas","14":"product_cat-outono-inverno","15":"product_cat-pro-lana","16":"product_tag-feltragem","17":"product_tag-fios","18":"product_tag-fios-para-feltragem","19":"product_tag-flitz","20":"product_tag-pro-lana","21":"product_tag-tricot","23":"first","24":"instock","25":"shipping-taxable","26":"purchasable","27":"product-type-variable"},"_links":{"self":[{"href":"https:\/\/daraodedo.com\/index.php?rest_route=\/wp\/v2\/product\/16428","targetHints":{"allow":["GET"]}}],"collection":[{"href":"https:\/\/daraodedo.com\/index.php?rest_route=\/wp\/v2\/product"}],"about":[{"href":"https:\/\/daraodedo.com\/index.php?rest_route=\/wp\/v2\/types\/product"}],"replies":[{"embeddable":true,"href":"https:\/\/daraodedo.com\/index.php?rest_route=%2Fwp%2Fv2%2Fcomments&post=16428"}],"wp:featuredmedia":[{"embeddable":true,"href":"https:\/\/daraodedo.com\/index.php?rest_route=\/wp\/v2\/media\/16532"}],"wp:attachment":[{"href":"https:\/\/daraodedo.com\/index.php?rest_route=%2Fwp%2Fv2%2Fmedia&parent=16428"}],"wp:term":[{"taxonomy":"product_brand","embeddable":true,"href":"https:\/\/daraodedo.com\/index.php?rest_route=%2Fwp%2Fv2%2Fproduct_brand&post=16428"},{"taxonomy":"product_cat","embeddable":true,"href":"https:\/\/daraodedo.com\/index.php?rest_route=%2Fwp%2Fv2%2Fproduct_cat&post=16428"},{"taxonomy":"product_tag","embeddable":true,"href":"https:\/\/daraodedo.com\/index.php?rest_route=%2Fwp%2Fv2%2Fproduct_tag&post=16428"}],"curies":[{"name":"wp","href":"https:\/\/api.w.org\/{rel}","templated":true}]}}