{"id":16482,"date":"2025-01-05T16:49:49","date_gmt":"2025-01-05T16:49:49","guid":{"rendered":"https:\/\/new.daraodedo.com\/?post_type=product&#038;p=16482"},"modified":"2025-12-04T16:01:26","modified_gmt":"2025-12-04T16:01:26","slug":"knit-pro-nova-metal-conj-8-agulhas-luxo","status":"publish","type":"product","link":"https:\/\/daraodedo.com\/?product=knit-pro-nova-metal-conj-8-agulhas-luxo","title":{"rendered":"Knit Pro Nova Metal conj.11 Agulhas"},"content":{"rendered":"<p>Este conjunto de agulhas fant\u00e1sticas para tric\u00f4 intercambi\u00e1veis que para quem gosta de agulhas de metal s\u00e3o uma \u00f3tima escolha S\u00e3o uma \u00f3tima oferta para tricoteiras iniciantes ou muito experientes. O conjunto tem agulhas nas seguintes espessuras; ; 3,00mm; 3,25mm; 3,50mm; 3,75mm;\u00a0 4.00mm; 4.50mm; 5.00mm; 5.50mm; 6.00mm; 6,50mm; 8.00mm Em em estojo com 4 cabos,\u00a0 4 tampas, 2 chaves de cabos 1 conjunto de conectores de cabo, marcadores redondos e de alfinete em metal e uma tesoura.<\/p>\n","protected":false},"excerpt":{"rendered":"<p>Este conjunto de agulhas fant\u00e1sticas para tric\u00f4 intercambi\u00e1veis que para quem gosta de agulhas de metal s\u00e3o uma \u00f3tima escolha S\u00e3o uma \u00f3tima oferta para tricoteiras iniciantes ou muito experientes. O conjunto tem agulhas nas seguintes espessuras; ; 3,00mm; 3,25mm; 3,50mm; 3,75mm;\u00a0 4.00mm; 4.50mm; 5.00mm; 5.50mm; 6.00mm; 6,50mm; 8.00mm Em em estojo com 4 cabos,\u00a0 [&#8230;]\n","protected":false},"featured_media":17620,"comment_status":"closed","ping_status":"closed","template":"","meta":[],"product_brand":[],"product_cat":[480,481,547,484,537,482],"product_tag":[576,916,595,787,788,789,790],"class_list":{"0":"post-16482","1":"product","2":"type-product","3":"status-publish","4":"has-post-thumbnail","6":"product_cat-acessorios","7":"product_cat-agulhas","8":"product_cat-knit-pro","9":"product_cat-marcas-acessorios","10":"product_cat-outros-tricot","11":"product_cat-tricot","12":"product_tag-agulhas-tricot","13":"product_tag-conjunto-de-agulhas-knit-pro","14":"product_tag-knit-pro","15":"product_tag-trico-khit-pro","16":"product_tag-tricot-intercambiaveis","17":"product_tag-tricot-knit-pro-metal","18":"product_tag-tricot-nova-metal","20":"first","21":"onbackorder","22":"shipping-taxable","23":"purchasable","24":"product-type-simple"},"_links":{"self":[{"href":"https:\/\/daraodedo.com\/index.php?rest_route=\/wp\/v2\/product\/16482","targetHints":{"allow":["GET"]}}],"collection":[{"href":"https:\/\/daraodedo.com\/index.php?rest_route=\/wp\/v2\/product"}],"about":[{"href":"https:\/\/daraodedo.com\/index.php?rest_route=\/wp\/v2\/types\/product"}],"replies":[{"embeddable":true,"href":"https:\/\/daraodedo.com\/index.php?rest_route=%2Fwp%2Fv2%2Fcomments&post=16482"}],"wp:featuredmedia":[{"embeddable":true,"href":"https:\/\/daraodedo.com\/index.php?rest_route=\/wp\/v2\/media\/17620"}],"wp:attachment":[{"href":"https:\/\/daraodedo.com\/index.php?rest_route=%2Fwp%2Fv2%2Fmedia&parent=16482"}],"wp:term":[{"taxonomy":"product_brand","embeddable":true,"href":"https:\/\/daraodedo.com\/index.php?rest_route=%2Fwp%2Fv2%2Fproduct_brand&post=16482"},{"taxonomy":"product_cat","embeddable":true,"href":"https:\/\/daraodedo.com\/index.php?rest_route=%2Fwp%2Fv2%2Fproduct_cat&post=16482"},{"taxonomy":"product_tag","embeddable":true,"href":"https:\/\/daraodedo.com\/index.php?rest_route=%2Fwp%2Fv2%2Fproduct_tag&post=16482"}],"curies":[{"name":"wp","href":"https:\/\/api.w.org\/{rel}","templated":true}]}}