{"id":16485,"date":"2025-01-05T16:49:49","date_gmt":"2025-01-05T16:49:49","guid":{"rendered":"https:\/\/new.daraodedo.com\/?post_type=product&#038;p=16485"},"modified":"2026-03-12T10:28:28","modified_gmt":"2026-03-12T10:28:28","slug":"pro-lana-125-extrafino","status":"publish","type":"product","link":"https:\/\/daraodedo.com\/?product=pro-lana-125-extrafino","title":{"rendered":"Pro Lana Merino 125 extrafino"},"content":{"rendered":"<div class=\"elementor-element elementor-element-b0f3e07 elementor-widget elementor-widget-heading\" data-id=\"b0f3e07\" data-element_type=\"widget\" data-widget_type=\"heading.default\">\n<div class=\"elementor-widget-container\">\n<p class=\"elementor-heading-title elementor-size-default\">\u00a0Fio 100% merino extrafino, \u00e9 um fio quente fino e fofinho.<\/p>\n<p class=\"elementor-heading-title elementor-size-default\">Muito macio e \u00f3timo para beb\u00e9, \u00e9 uma l\u00e3 muito confort\u00e1vel e\u00a0 macia para a pele.<\/p>\n<\/div>\n<\/div>\n<div class=\"elementor-element elementor-element-065f959 elementor-widget elementor-widget-woocommerce-product-short-description\" data-id=\"065f959\" data-element_type=\"widget\" data-widget_type=\"woocommerce-product-short-description.default\">\n<div class=\"elementor-widget-container\">\n<p class=\"woocommerce-product-details__short-description\">\u00a0A qualidade \u00e9 excelente e o material maravilhosamente macio e, portanto, perfeito para roupas infantis, camisolas\u00a0 leves e casacos , chap\u00e9us e cachec\u00f3is.<\/p>\n<p class=\"woocommerce-product-details__short-description\">Com uma variedade de 46 cores atualmente.<\/p>\n<\/div>\n<\/div>\n","protected":false},"excerpt":{"rendered":"<p><strong>Composi\u00e7\u00e3o:<\/strong> 100%\u00a0 l\u00e3 merino<\/p>\n<p><strong>Peso\/Metragem:<\/strong> 50 g = 125 m<\/p>\n<p><strong>Agulhas recomendadas:<\/strong> 3,5 \/4,00 mm<\/p>\n<p><b>Tamanho da amostra :\u00a0<\/b>10&#215;10 cm =25Mx35R . Uma camisola tamanho 38 pode gastar +\/- 350g.<\/p>\n<p>Levar \u00e1 30\u00ba<\/p>\n","protected":false},"featured_media":16947,"comment_status":"closed","ping_status":"closed","template":"","meta":[],"product_brand":[],"product_cat":[559,490,692,732,463,470,468,471,586,658],"product_tag":[783,622,735,860,731],"class_list":{"0":"post-16485","1":"product","2":"type-product","3":"status-publish","4":"has-post-thumbnail","6":"product_cat-225-350mm","7":"product_cat-350-450mm","8":"product_cat-bebe","9":"product_cat-bebe-2","10":"product_cat-fios","11":"product_cat-la","12":"product_cat-marcas","13":"product_cat-outono-inverno","14":"product_cat-pro-lana","15":"product_cat-punch-needle","16":"product_tag-fio-100-merino","17":"product_tag-fios-de-tricot-e-crochet","18":"product_tag-fios-para-bebe","19":"product_tag-fios-para-trico-para-bebe","20":"product_tag-fios-pro-lana","22":"first","23":"instock","24":"shipping-taxable","25":"purchasable","26":"product-type-variable"},"_links":{"self":[{"href":"https:\/\/daraodedo.com\/index.php?rest_route=\/wp\/v2\/product\/16485","targetHints":{"allow":["GET"]}}],"collection":[{"href":"https:\/\/daraodedo.com\/index.php?rest_route=\/wp\/v2\/product"}],"about":[{"href":"https:\/\/daraodedo.com\/index.php?rest_route=\/wp\/v2\/types\/product"}],"replies":[{"embeddable":true,"href":"https:\/\/daraodedo.com\/index.php?rest_route=%2Fwp%2Fv2%2Fcomments&post=16485"}],"wp:featuredmedia":[{"embeddable":true,"href":"https:\/\/daraodedo.com\/index.php?rest_route=\/wp\/v2\/media\/16947"}],"wp:attachment":[{"href":"https:\/\/daraodedo.com\/index.php?rest_route=%2Fwp%2Fv2%2Fmedia&parent=16485"}],"wp:term":[{"taxonomy":"product_brand","embeddable":true,"href":"https:\/\/daraodedo.com\/index.php?rest_route=%2Fwp%2Fv2%2Fproduct_brand&post=16485"},{"taxonomy":"product_cat","embeddable":true,"href":"https:\/\/daraodedo.com\/index.php?rest_route=%2Fwp%2Fv2%2Fproduct_cat&post=16485"},{"taxonomy":"product_tag","embeddable":true,"href":"https:\/\/daraodedo.com\/index.php?rest_route=%2Fwp%2Fv2%2Fproduct_tag&post=16485"}],"curies":[{"name":"wp","href":"https:\/\/api.w.org\/{rel}","templated":true}]}}