{"id":16500,"date":"2025-01-05T16:49:51","date_gmt":"2025-01-05T16:49:51","guid":{"rendered":"https:\/\/new.daraodedo.com\/?post_type=product&#038;p=16500"},"modified":"2025-01-08T14:40:00","modified_gmt":"2025-01-08T14:40:00","slug":"dmc-aida-tecido-100-linho-pre-cortado","status":"publish","type":"product","link":"https:\/\/daraodedo.com\/?product=dmc-aida-tecido-100-linho-pre-cortado","title":{"rendered":"DMC Aida tecido 100% linho Pre cortado"},"content":{"rendered":"<p>Tecido 100% linho, n\u00e3o tingido, rustico\u00a0 da DMC dar\u00e1 a qualquer projeto uma sensa\u00e7\u00e3o natural e aut\u00eantica. O tecido de bordado DMC est\u00e1 dispon\u00edvel em v\u00e1rias cores, materiais, contagens de tecido e tamanhos, oferecendo muitas op\u00e7\u00f5es para criar belos bordados contempor\u00e2neos ou tradicionais. Fabricado na B\u00e9lgica<\/p>\n","protected":false},"excerpt":{"rendered":"<p>Tecidos para punch needle<\/p>\n","protected":false},"featured_media":11148,"comment_status":"closed","ping_status":"closed","template":"","meta":[],"product_brand":[],"product_cat":[480,658,796],"product_tag":[797,798,799],"class_list":{"0":"post-16500","1":"product","2":"type-product","3":"status-publish","4":"has-post-thumbnail","6":"product_cat-acessorios","7":"product_cat-punch-needle","8":"product_cat-tecidos","9":"product_tag-tecidos-dmc","10":"product_tag-tecidos-para-bordar","11":"product_tag-tecidos-para-pounch-needle","13":"first","14":"instock","15":"shipping-taxable","16":"purchasable","17":"product-type-variable"},"_links":{"self":[{"href":"https:\/\/daraodedo.com\/index.php?rest_route=\/wp\/v2\/product\/16500","targetHints":{"allow":["GET"]}}],"collection":[{"href":"https:\/\/daraodedo.com\/index.php?rest_route=\/wp\/v2\/product"}],"about":[{"href":"https:\/\/daraodedo.com\/index.php?rest_route=\/wp\/v2\/types\/product"}],"replies":[{"embeddable":true,"href":"https:\/\/daraodedo.com\/index.php?rest_route=%2Fwp%2Fv2%2Fcomments&post=16500"}],"wp:featuredmedia":[{"embeddable":true,"href":"https:\/\/daraodedo.com\/index.php?rest_route=\/wp\/v2\/media\/11148"}],"wp:attachment":[{"href":"https:\/\/daraodedo.com\/index.php?rest_route=%2Fwp%2Fv2%2Fmedia&parent=16500"}],"wp:term":[{"taxonomy":"product_brand","embeddable":true,"href":"https:\/\/daraodedo.com\/index.php?rest_route=%2Fwp%2Fv2%2Fproduct_brand&post=16500"},{"taxonomy":"product_cat","embeddable":true,"href":"https:\/\/daraodedo.com\/index.php?rest_route=%2Fwp%2Fv2%2Fproduct_cat&post=16500"},{"taxonomy":"product_tag","embeddable":true,"href":"https:\/\/daraodedo.com\/index.php?rest_route=%2Fwp%2Fv2%2Fproduct_tag&post=16500"}],"curies":[{"name":"wp","href":"https:\/\/api.w.org\/{rel}","templated":true}]}}