{"id":16759,"date":"2025-01-17T16:31:16","date_gmt":"2025-01-17T16:31:16","guid":{"rendered":"https:\/\/daraodedo.com\/?post_type=product&#038;p=16759"},"modified":"2026-03-12T11:44:37","modified_gmt":"2026-03-12T11:44:37","slug":"pro-lana-basic-cotton","status":"publish","type":"product","link":"https:\/\/daraodedo.com\/?product=pro-lana-basic-cotton","title":{"rendered":"Pro Lana &#8211;  Basic Cotton"},"content":{"rendered":"<p>Fio 100% Algod\u00e3o mercerizado com um toque super macio.<\/p>\n<p>Com uma grande variedade de cores.<\/p>\n","protected":false},"excerpt":{"rendered":"<p><strong>Composi\u00e7\u00e3o:<\/strong> 100% Algod\u00e3o mercerizado<\/p>\n<p><strong>Peso\/Metragem:<\/strong> 50 g = cerca de 125 m<\/p>\n<p><strong>Agulhas recomendadas:<\/strong> 3,0\/3,5 mm com agulha de tric\u00f4\u00a0 e de croch\u00ea para trabalhos mais finos, do tipo amigurumis com\u00a0 a 2,5 mm<\/p>\n<p><strong>Tens\u00e3o da amostra:<\/strong> 10 x 10 cm = 21 pontos x 25 carreiras<\/p>\n<p>Camisola com mangas tamanho 38 gasta mais ou menos 450 g.<\/p>\n<p>Lavar em programa delicado \u00e0 temperatura m\u00e1xima de 40\u00b0C\/Secar na horizontal<\/p>\n<p>Tenham sempre em aten\u00e7\u00e3o que as cores podem mudar de lote para lote, e de ecr\u00e3 para ecr\u00e3.<\/p>\n<p>&nbsp;<\/p>\n","protected":false},"featured_media":17646,"comment_status":"closed","ping_status":"closed","template":"","meta":[],"product_brand":[],"product_cat":[559,490,529,563,732,463,468,530,586,658,466],"product_tag":[597,598,599],"class_list":{"0":"post-16759","1":"product","2":"type-product","3":"status-publish","4":"has-post-thumbnail","6":"product_cat-225-350mm","7":"product_cat-350-450mm","8":"product_cat-algodao","9":"product_cat-amigurimis","10":"product_cat-bebe-2","11":"product_cat-fios","12":"product_cat-marcas","13":"product_cat-primavera-verao","14":"product_cat-pro-lana","15":"product_cat-punch-needle","16":"product_cat-tipos-de-fio","17":"product_tag-fio-100-algodao","18":"product_tag-pro-lana-100-algodao","19":"product_tag-tricot-em-algodao","21":"first","22":"instock","23":"shipping-taxable","24":"purchasable","25":"product-type-variable"},"_links":{"self":[{"href":"https:\/\/daraodedo.com\/index.php?rest_route=\/wp\/v2\/product\/16759","targetHints":{"allow":["GET"]}}],"collection":[{"href":"https:\/\/daraodedo.com\/index.php?rest_route=\/wp\/v2\/product"}],"about":[{"href":"https:\/\/daraodedo.com\/index.php?rest_route=\/wp\/v2\/types\/product"}],"replies":[{"embeddable":true,"href":"https:\/\/daraodedo.com\/index.php?rest_route=%2Fwp%2Fv2%2Fcomments&post=16759"}],"wp:featuredmedia":[{"embeddable":true,"href":"https:\/\/daraodedo.com\/index.php?rest_route=\/wp\/v2\/media\/17646"}],"wp:attachment":[{"href":"https:\/\/daraodedo.com\/index.php?rest_route=%2Fwp%2Fv2%2Fmedia&parent=16759"}],"wp:term":[{"taxonomy":"product_brand","embeddable":true,"href":"https:\/\/daraodedo.com\/index.php?rest_route=%2Fwp%2Fv2%2Fproduct_brand&post=16759"},{"taxonomy":"product_cat","embeddable":true,"href":"https:\/\/daraodedo.com\/index.php?rest_route=%2Fwp%2Fv2%2Fproduct_cat&post=16759"},{"taxonomy":"product_tag","embeddable":true,"href":"https:\/\/daraodedo.com\/index.php?rest_route=%2Fwp%2Fv2%2Fproduct_tag&post=16759"}],"curies":[{"name":"wp","href":"https:\/\/api.w.org\/{rel}","templated":true}]}}