{"id":16785,"date":"2025-01-17T18:18:41","date_gmt":"2025-01-17T18:18:41","guid":{"rendered":"https:\/\/daraodedo.com\/?post_type=product&#038;p=16785"},"modified":"2026-02-15T17:22:34","modified_gmt":"2026-02-15T17:22:34","slug":"limol-soft-cotton","status":"publish","type":"product","link":"https:\/\/daraodedo.com\/?product=limol-soft-cotton","title":{"rendered":"Limol Soft Cotton"},"content":{"rendered":"<p>Fio 100%\u00a0 Algod\u00e3o penteado eg\u00edpcio. Fio de alta qualidade, suave resistente com aspeto mate, \u00e9 um muito bom para beb\u00e9s.<\/p>\n<p>Produto Nacional<\/p>\n","protected":false},"excerpt":{"rendered":"<p><strong>Composi\u00e7\u00e3o:<\/strong> 100% Algod\u00e3o, penteado eg\u00edpcio<\/p>\n<p><strong>Peso\/Metragem:<\/strong> 50 g = cerca de 180 m<\/p>\n<p><strong>Agulhas recomendadas:<\/strong> 3,0\/3,5 mm para trabalhos de croch\u00e9 mais finos\u00a0 do tipo amigurumis deve usar a agulha 2,5 mm<\/p>\n<p>&nbsp;<\/p>\n<p>Lavar em programa delicado \u00e0 temperatura m\u00e1xima de 40\u00b0C\/Secar na horizontal<\/p>\n","protected":false},"featured_media":17645,"comment_status":"open","ping_status":"closed","template":"","meta":[],"product_brand":[],"product_cat":[559,529,563,732,464,463,532,468,530,658,466],"product_tag":[859,858,856,847,839,857],"class_list":{"0":"post-16785","1":"product","2":"type-product","3":"status-publish","4":"has-post-thumbnail","6":"product_cat-225-350mm","7":"product_cat-algodao","8":"product_cat-amigurimis","9":"product_cat-bebe-2","10":"product_cat-espessura-de-fio","11":"product_cat-fios","12":"product_cat-limol","13":"product_cat-marcas","14":"product_cat-primavera-verao","15":"product_cat-punch-needle","16":"product_cat-tipos-de-fio","17":"product_tag-fio-de-trico-100-algodao","18":"product_tag-fio-para-bebes","19":"product_tag-fios-de-croche-finos","20":"product_tag-fios-de-crochet","21":"product_tag-fios-limol","22":"product_tag-fios-para-amigurumis","24":"first","25":"instock","26":"shipping-taxable","27":"purchasable","28":"product-type-variable"},"_links":{"self":[{"href":"https:\/\/daraodedo.com\/index.php?rest_route=\/wp\/v2\/product\/16785","targetHints":{"allow":["GET"]}}],"collection":[{"href":"https:\/\/daraodedo.com\/index.php?rest_route=\/wp\/v2\/product"}],"about":[{"href":"https:\/\/daraodedo.com\/index.php?rest_route=\/wp\/v2\/types\/product"}],"replies":[{"embeddable":true,"href":"https:\/\/daraodedo.com\/index.php?rest_route=%2Fwp%2Fv2%2Fcomments&post=16785"}],"wp:featuredmedia":[{"embeddable":true,"href":"https:\/\/daraodedo.com\/index.php?rest_route=\/wp\/v2\/media\/17645"}],"wp:attachment":[{"href":"https:\/\/daraodedo.com\/index.php?rest_route=%2Fwp%2Fv2%2Fmedia&parent=16785"}],"wp:term":[{"taxonomy":"product_brand","embeddable":true,"href":"https:\/\/daraodedo.com\/index.php?rest_route=%2Fwp%2Fv2%2Fproduct_brand&post=16785"},{"taxonomy":"product_cat","embeddable":true,"href":"https:\/\/daraodedo.com\/index.php?rest_route=%2Fwp%2Fv2%2Fproduct_cat&post=16785"},{"taxonomy":"product_tag","embeddable":true,"href":"https:\/\/daraodedo.com\/index.php?rest_route=%2Fwp%2Fv2%2Fproduct_tag&post=16785"}],"curies":[{"name":"wp","href":"https:\/\/api.w.org\/{rel}","templated":true}]}}