{"id":17186,"date":"2025-01-29T17:16:02","date_gmt":"2025-01-29T17:16:02","guid":{"rendered":"https:\/\/daraodedo.com\/?post_type=product&#038;p=17186"},"modified":"2026-03-12T10:37:45","modified_gmt":"2026-03-12T10:37:45","slug":"knit-pro-symfonie-terra","status":"publish","type":"product","link":"https:\/\/daraodedo.com\/?product=knit-pro-symfonie-terra","title":{"rendered":"Knit Pro Symfonie Terra"},"content":{"rendered":"<p>Fio tingido \u00e1 m\u00e3o super macio, a cor varia de meada para meada. Fingering,\u00a0 fabricado na \u00cdndia.<\/p>\n","protected":false},"excerpt":{"rendered":"<p><strong>Composi\u00e7\u00e3o:<\/strong> 75% l\u00e3 (superwash merino) 25% Poliamida<\/p>\n<p><strong>Peso\/Metragem:<\/strong> 100 g = cerca de 380 m<\/p>\n<p><strong>Agulhas recomendadas:<\/strong> 2,25 \/3,25\u00a0 mm<\/p>\n<p><strong>Amostra:\u00a0<\/strong>28-32 malhas x 32-40 voltas 10&#215;10 cm<\/p>\n<p>Lavar em programa delicado para l\u00e3s \u00e0 temperatura m\u00e1xima de 30\u00b0C\/Secar na horizontal<\/p>\n","protected":false},"featured_media":17192,"comment_status":"open","ping_status":"closed","template":"","meta":[],"product_brand":[],"product_cat":[559,463,833,470,468,525,471,466],"product_tag":[],"class_list":{"0":"post-17186","1":"product","2":"type-product","3":"status-publish","4":"has-post-thumbnail","6":"product_cat-225-350mm","7":"product_cat-fios","8":"product_cat-knit-pro-symfonie","9":"product_cat-la","10":"product_cat-marcas","11":"product_cat-meias-2","12":"product_cat-outono-inverno","13":"product_cat-tipos-de-fio","15":"first","16":"instock","17":"shipping-taxable","18":"purchasable","19":"product-type-variable"},"_links":{"self":[{"href":"https:\/\/daraodedo.com\/index.php?rest_route=\/wp\/v2\/product\/17186","targetHints":{"allow":["GET"]}}],"collection":[{"href":"https:\/\/daraodedo.com\/index.php?rest_route=\/wp\/v2\/product"}],"about":[{"href":"https:\/\/daraodedo.com\/index.php?rest_route=\/wp\/v2\/types\/product"}],"replies":[{"embeddable":true,"href":"https:\/\/daraodedo.com\/index.php?rest_route=%2Fwp%2Fv2%2Fcomments&post=17186"}],"wp:featuredmedia":[{"embeddable":true,"href":"https:\/\/daraodedo.com\/index.php?rest_route=\/wp\/v2\/media\/17192"}],"wp:attachment":[{"href":"https:\/\/daraodedo.com\/index.php?rest_route=%2Fwp%2Fv2%2Fmedia&parent=17186"}],"wp:term":[{"taxonomy":"product_brand","embeddable":true,"href":"https:\/\/daraodedo.com\/index.php?rest_route=%2Fwp%2Fv2%2Fproduct_brand&post=17186"},{"taxonomy":"product_cat","embeddable":true,"href":"https:\/\/daraodedo.com\/index.php?rest_route=%2Fwp%2Fv2%2Fproduct_cat&post=17186"},{"taxonomy":"product_tag","embeddable":true,"href":"https:\/\/daraodedo.com\/index.php?rest_route=%2Fwp%2Fv2%2Fproduct_tag&post=17186"}],"curies":[{"name":"wp","href":"https:\/\/api.w.org\/{rel}","templated":true}]}}