{"id":17204,"date":"2025-01-29T19:18:12","date_gmt":"2025-01-29T19:18:12","guid":{"rendered":"https:\/\/daraodedo.com\/?post_type=product&#038;p=17204"},"modified":"2025-12-04T15:26:59","modified_gmt":"2025-12-04T15:26:59","slug":"knit-pro-agulhas-de-trico-intercambiaveis","status":"publish","type":"product","link":"https:\/\/daraodedo.com\/?product=knit-pro-agulhas-de-trico-intercambiaveis","title":{"rendered":"Knit Pro agulhas de tric\u00f4 intercambi\u00e1veis"},"content":{"rendered":"<p>Agulhas intercambi\u00e1veis porque s\u00e3o pr\u00f3prias\u00a0 para colocar cabos de v\u00e1rios tamanhos, devido a isso e para terem espessura suficiente para conectar o cabo come\u00e7am a partir dos 3 mm at\u00e9 aos 12 mm, apenas a longa tem de\u00a0 15 mm. Pode trabalhar\u00a0 com elas em circular e a direito.<\/p>\n<p><strong>Longas<\/strong> s\u00e3o pr\u00f3prias\u00a0 para fazer camisolas, golas, xailes&#8230;<\/p>\n<p><strong>Curtas &#8211;\u00a0 <\/strong>\u00a0s\u00e3o para pe\u00e7as mais pequenas principalmente para fazer mangas com o cabo 40 cm<\/p>\n","protected":false},"excerpt":{"rendered":"<p>Longas- existem desde 3 mm at\u00e9 aos 15 mm<\/p>\n<p>curtas- existem desde 3 mm at\u00e9 aos 12 mm<\/p>\n","protected":false},"featured_media":17205,"comment_status":"open","ping_status":"closed","template":"","meta":[],"product_brand":[],"product_cat":[480,481,564,483,488,547,482],"product_tag":[871,874,873,595,872],"class_list":{"0":"post-17204","1":"product","2":"type-product","3":"status-publish","4":"has-post-thumbnail","6":"product_cat-acessorios","7":"product_cat-agulhas","8":"product_cat-carteiras","9":"product_cat-circulares","10":"product_cat-direitas","11":"product_cat-knit-pro","12":"product_cat-tricot","13":"product_tag-agulhas-de-trico","14":"product_tag-agulhas-de-trico-intercambiaveis","15":"product_tag-agullas-de-trico-circulares","16":"product_tag-knit-pro","17":"product_tag-knit-pro-symfonie","19":"first","20":"instock","21":"shipping-taxable","22":"purchasable","23":"product-type-variable"},"_links":{"self":[{"href":"https:\/\/daraodedo.com\/index.php?rest_route=\/wp\/v2\/product\/17204","targetHints":{"allow":["GET"]}}],"collection":[{"href":"https:\/\/daraodedo.com\/index.php?rest_route=\/wp\/v2\/product"}],"about":[{"href":"https:\/\/daraodedo.com\/index.php?rest_route=\/wp\/v2\/types\/product"}],"replies":[{"embeddable":true,"href":"https:\/\/daraodedo.com\/index.php?rest_route=%2Fwp%2Fv2%2Fcomments&post=17204"}],"wp:featuredmedia":[{"embeddable":true,"href":"https:\/\/daraodedo.com\/index.php?rest_route=\/wp\/v2\/media\/17205"}],"wp:attachment":[{"href":"https:\/\/daraodedo.com\/index.php?rest_route=%2Fwp%2Fv2%2Fmedia&parent=17204"}],"wp:term":[{"taxonomy":"product_brand","embeddable":true,"href":"https:\/\/daraodedo.com\/index.php?rest_route=%2Fwp%2Fv2%2Fproduct_brand&post=17204"},{"taxonomy":"product_cat","embeddable":true,"href":"https:\/\/daraodedo.com\/index.php?rest_route=%2Fwp%2Fv2%2Fproduct_cat&post=17204"},{"taxonomy":"product_tag","embeddable":true,"href":"https:\/\/daraodedo.com\/index.php?rest_route=%2Fwp%2Fv2%2Fproduct_tag&post=17204"}],"curies":[{"name":"wp","href":"https:\/\/api.w.org\/{rel}","templated":true}]}}