{"id":17269,"date":"2025-01-30T16:33:54","date_gmt":"2025-01-30T16:33:54","guid":{"rendered":"https:\/\/daraodedo.com\/?post_type=product&#038;p=17269"},"modified":"2026-03-12T10:17:51","modified_gmt":"2026-03-12T10:17:51","slug":"pro-lana-dream-lace","status":"publish","type":"product","link":"https:\/\/daraodedo.com\/?product=pro-lana-dream-lace","title":{"rendered":"Pro Lana Dream Lace"},"content":{"rendered":"<section id=\"shopify-section-template--23067668218121__main\" class=\"shopify-section section\">\n<div class=\"page-width\">\n<div class=\"product product--large product--left product--thumbnail product--mobile-show grid grid--1-col grid--2-col-tablet\">\n<div class=\"product__info-wrapper grid__item scroll-trigger animate--slide-in\">\n<section id=\"ProductInfo-template--23067668218121__main\" class=\"product__info-container product__column-sticky\">\n<div class=\"product__description rte quick-add-hidden\">\n<p><span>O fio com o seu atraente degrad\u00e9\u00a0 de cores n\u00e3o s\u00f3 cria efeitos vibrantes nas suas roupas, mas tamb\u00e9m \u00e9 maravilhosamente macio na pele. O fio de pavio torcido Dream Lace n\u00e3o arranha porque o fio fino \u00e9 feito de uma nova mistura de l\u00e3 e poliamida. \u00c9 ideal para tricotar ou fazer croch\u00ea em cachec\u00f3is, estolas, camisolas, meias, acess\u00f3rios delicados e muito mais. Ideal para padr\u00f5es m\u00e1gicos de orif\u00edcios e t\u00e9cnicas de renda, como por exemplo em xailes.<\/span><\/p>\n<\/div>\n<\/section>\n<\/div>\n<\/div>\n<\/div>\n<\/section>\n<section id=\"shopify-section-template--23067668218121__related-products\" class=\"shopify-section section\">\n<div class=\"color-background-1 gradient\">\n<h2 class=\"related-products__heading inline-richtext h2\"><\/h2>\n<\/div>\n<\/section>\n","protected":false},"excerpt":{"rendered":"<p>&nbsp;<\/p>\n<p><strong>Composi\u00e7\u00e3o:<\/strong> 75% l\u00e3, 25% poliamida<\/p>\n<p><strong>Peso\/Metragem:<\/strong> 50 g = cerca de 200 m<\/p>\n<p><strong>Agulhas recomendadas:<\/strong> 2,5\/3,0 mm<\/p>\n<p><strong>Amostra:<\/strong> 10 x 10 cm = 29 malhas x 38 voltas<\/p>\n<p>Camisola tamanho 38\u00a0 pode usar 400 g umas meias usa 100 g<\/p>\n<p>Lavar em programa delicado \u00e0 temperatura m\u00e1xima de 40\u00b0C\/Secar na horizontal<\/p>\n","protected":false},"featured_media":17270,"comment_status":"open","ping_status":"closed","template":"","meta":[],"product_brand":[],"product_cat":[559,464,478,463,470,468,525,471,586,466],"product_tag":[877,878,876,879],"class_list":{"0":"post-17269","1":"product","2":"type-product","3":"status-publish","4":"has-post-thumbnail","6":"product_cat-225-350mm","7":"product_cat-espessura-de-fio","8":"product_cat-fibra","9":"product_cat-fios","10":"product_cat-la","11":"product_cat-marcas","12":"product_cat-meias-2","13":"product_cat-outono-inverno","14":"product_cat-pro-lana","15":"product_cat-tipos-de-fio","16":"product_tag-fio-croche","17":"product_tag-fio-meias","18":"product_tag-fio-para-trico","19":"product_tag-fio-rendados","21":"first","22":"instock","23":"shipping-taxable","24":"purchasable","25":"product-type-variable"},"_links":{"self":[{"href":"https:\/\/daraodedo.com\/index.php?rest_route=\/wp\/v2\/product\/17269","targetHints":{"allow":["GET"]}}],"collection":[{"href":"https:\/\/daraodedo.com\/index.php?rest_route=\/wp\/v2\/product"}],"about":[{"href":"https:\/\/daraodedo.com\/index.php?rest_route=\/wp\/v2\/types\/product"}],"replies":[{"embeddable":true,"href":"https:\/\/daraodedo.com\/index.php?rest_route=%2Fwp%2Fv2%2Fcomments&post=17269"}],"wp:featuredmedia":[{"embeddable":true,"href":"https:\/\/daraodedo.com\/index.php?rest_route=\/wp\/v2\/media\/17270"}],"wp:attachment":[{"href":"https:\/\/daraodedo.com\/index.php?rest_route=%2Fwp%2Fv2%2Fmedia&parent=17269"}],"wp:term":[{"taxonomy":"product_brand","embeddable":true,"href":"https:\/\/daraodedo.com\/index.php?rest_route=%2Fwp%2Fv2%2Fproduct_brand&post=17269"},{"taxonomy":"product_cat","embeddable":true,"href":"https:\/\/daraodedo.com\/index.php?rest_route=%2Fwp%2Fv2%2Fproduct_cat&post=17269"},{"taxonomy":"product_tag","embeddable":true,"href":"https:\/\/daraodedo.com\/index.php?rest_route=%2Fwp%2Fv2%2Fproduct_tag&post=17269"}],"curies":[{"name":"wp","href":"https:\/\/api.w.org\/{rel}","templated":true}]}}