{"id":17277,"date":"2025-01-30T18:15:46","date_gmt":"2025-01-30T18:15:46","guid":{"rendered":"https:\/\/daraodedo.com\/?post_type=product&#038;p=17277"},"modified":"2025-02-10T16:49:37","modified_gmt":"2025-02-10T16:49:37","slug":"pro-lana-kid-seta","status":"publish","type":"product","link":"https:\/\/daraodedo.com\/?product=pro-lana-kid-seta","title":{"rendered":"Pro Lana Kid Seta"},"content":{"rendered":"<p>Pro Lana Kid Seta \u00e9 uma mistura luxuosa de Super-Kid Mohair e Silk muito finos. Use-o sozinho para roupas e acess\u00f3rios leves, ou tricote-o com outro fio para pe\u00e7as mais grossas e quentes e sempre leves.<\/p>\n<p>&nbsp;<\/p>\n","protected":false},"excerpt":{"rendered":"<p><strong>Composi\u00e7\u00e3o:<\/strong> 70% Mohair 30% seda<\/p>\n<p><strong>Peso\/Metragem:<\/strong> 25 g = cerca de 210 m<\/p>\n<p><strong>Agulhas recomendadas:<\/strong> 3,5\/4,5 mm<\/p>\n<p><strong>Amostra:<\/strong> 10 x 10 cm = 23 malhas x 36 voltas<\/p>\n<p>Camisola tamanho 38\u00a0 pode usar 125 g<\/p>\n<p>Lavar \u00e1 m\u00e3o\u00a0 e secar na horizontal<\/p>\n","protected":false},"featured_media":17279,"comment_status":"open","ping_status":"closed","template":"","meta":[],"product_brand":[],"product_cat":[490,463,586],"product_tag":[883,882,880,881],"class_list":{"0":"post-17277","1":"product","2":"type-product","3":"status-publish","4":"has-post-thumbnail","6":"product_cat-350-450mm","7":"product_cat-fios","8":"product_cat-pro-lana","9":"product_tag-fio-de-crochet","10":"product_tag-fio-de-trico","11":"product_tag-fio-kid-silk","12":"product_tag-fio-pro-lana","14":"first","15":"instock","16":"shipping-taxable","17":"purchasable","18":"product-type-variable"},"_links":{"self":[{"href":"https:\/\/daraodedo.com\/index.php?rest_route=\/wp\/v2\/product\/17277","targetHints":{"allow":["GET"]}}],"collection":[{"href":"https:\/\/daraodedo.com\/index.php?rest_route=\/wp\/v2\/product"}],"about":[{"href":"https:\/\/daraodedo.com\/index.php?rest_route=\/wp\/v2\/types\/product"}],"replies":[{"embeddable":true,"href":"https:\/\/daraodedo.com\/index.php?rest_route=%2Fwp%2Fv2%2Fcomments&post=17277"}],"wp:featuredmedia":[{"embeddable":true,"href":"https:\/\/daraodedo.com\/index.php?rest_route=\/wp\/v2\/media\/17279"}],"wp:attachment":[{"href":"https:\/\/daraodedo.com\/index.php?rest_route=%2Fwp%2Fv2%2Fmedia&parent=17277"}],"wp:term":[{"taxonomy":"product_brand","embeddable":true,"href":"https:\/\/daraodedo.com\/index.php?rest_route=%2Fwp%2Fv2%2Fproduct_brand&post=17277"},{"taxonomy":"product_cat","embeddable":true,"href":"https:\/\/daraodedo.com\/index.php?rest_route=%2Fwp%2Fv2%2Fproduct_cat&post=17277"},{"taxonomy":"product_tag","embeddable":true,"href":"https:\/\/daraodedo.com\/index.php?rest_route=%2Fwp%2Fv2%2Fproduct_tag&post=17277"}],"curies":[{"name":"wp","href":"https:\/\/api.w.org\/{rel}","templated":true}]}}