{"id":17320,"date":"2025-02-11T16:34:23","date_gmt":"2025-02-11T16:34:23","guid":{"rendered":"https:\/\/daraodedo.com\/?post_type=product&#038;p=17320"},"modified":"2026-03-12T15:36:43","modified_gmt":"2026-03-12T15:36:43","slug":"adriafil-fio-de-rafia-100-vegetal","status":"publish","type":"product","link":"https:\/\/daraodedo.com\/?product=adriafil-fio-de-rafia-100-vegetal","title":{"rendered":"Adriafil  fio de Rafia 100% vegetal"},"content":{"rendered":"<p>Fio 100% celulose vegetal,\u00a0 feito de polpa de madeira, pode fazer trabalhos fant\u00e1sticos para usar no Ver\u00e3o, tais como bolsas de m\u00e3o, sacos de praia, chap\u00e9us e mesmo\u00a0 um colete para usar no Ver\u00e3o na praia e na rua.Super na moda fa\u00e7a voc\u00ea mesma as suas pe\u00e7as originais e \u00fanicas.<\/p>\n<p>\u00c9 lav\u00e1vel\u00a0 \u00e1 m\u00e3o s\u00f3 n\u00e3o deve ser seca ao sol, para n\u00e3o perder a cor, como qualquer pe\u00e7a de roupa de cor.<\/p>\n","protected":false},"excerpt":{"rendered":"<p><strong>Peso<\/strong>: 50g<\/p>\n<p><strong>Composi\u00e7\u00e3o<\/strong>: 100% Celulose Vegetal<\/p>\n<p><strong>Peso\/Metragem:<\/strong> 50 g<\/p>\n<p><strong>Agulhas recomendadas:<\/strong> 5,0 mm<\/p>\n<p>Lavar \u00e1 m\u00e3o e\u00a0 secar longe do sol<\/p>\n","protected":false},"featured_media":17348,"comment_status":"open","ping_status":"closed","template":"","meta":[],"product_brand":[],"product_cat":[884,564,478,463,468,530],"product_tag":[891,892,893,894,890],"class_list":{"0":"post-17320","1":"product","2":"type-product","3":"status-publish","4":"has-post-thumbnail","6":"product_cat-adriafil","7":"product_cat-carteiras","8":"product_cat-fibra","9":"product_cat-fios","10":"product_cat-marcas","11":"product_cat-primavera-verao","12":"product_tag-fio-100-rafia-natural","13":"product_tag-fio-para-carteiras","14":"product_tag-fio-para-chapeus","15":"product_tag-fio-para-crochet","16":"product_tag-rafia","18":"first","19":"instock","20":"shipping-taxable","21":"purchasable","22":"product-type-variable"},"_links":{"self":[{"href":"https:\/\/daraodedo.com\/index.php?rest_route=\/wp\/v2\/product\/17320","targetHints":{"allow":["GET"]}}],"collection":[{"href":"https:\/\/daraodedo.com\/index.php?rest_route=\/wp\/v2\/product"}],"about":[{"href":"https:\/\/daraodedo.com\/index.php?rest_route=\/wp\/v2\/types\/product"}],"replies":[{"embeddable":true,"href":"https:\/\/daraodedo.com\/index.php?rest_route=%2Fwp%2Fv2%2Fcomments&post=17320"}],"wp:featuredmedia":[{"embeddable":true,"href":"https:\/\/daraodedo.com\/index.php?rest_route=\/wp\/v2\/media\/17348"}],"wp:attachment":[{"href":"https:\/\/daraodedo.com\/index.php?rest_route=%2Fwp%2Fv2%2Fmedia&parent=17320"}],"wp:term":[{"taxonomy":"product_brand","embeddable":true,"href":"https:\/\/daraodedo.com\/index.php?rest_route=%2Fwp%2Fv2%2Fproduct_brand&post=17320"},{"taxonomy":"product_cat","embeddable":true,"href":"https:\/\/daraodedo.com\/index.php?rest_route=%2Fwp%2Fv2%2Fproduct_cat&post=17320"},{"taxonomy":"product_tag","embeddable":true,"href":"https:\/\/daraodedo.com\/index.php?rest_route=%2Fwp%2Fv2%2Fproduct_tag&post=17320"}],"curies":[{"name":"wp","href":"https:\/\/api.w.org\/{rel}","templated":true}]}}