{"id":17351,"date":"2025-02-11T21:27:12","date_gmt":"2025-02-11T21:27:12","guid":{"rendered":"https:\/\/daraodedo.com\/?post_type=product&#038;p=17351"},"modified":"2026-01-23T11:47:31","modified_gmt":"2026-01-23T11:47:31","slug":"adriafil-tutolino","status":"publish","type":"product","link":"https:\/\/daraodedo.com\/?product=adriafil-tutolino","title":{"rendered":"ADRIAFIL  Tutolino fio 100% linho"},"content":{"rendered":"<p><span class=\"Y2IQFc\" lang=\"pt\">Nada \u00e9 mais incr\u00edvel para o ver\u00e3o do que o linho, puro e simples. <\/span><\/p>\n<p><span class=\"Y2IQFc\" lang=\"pt\">Totalino \u00e9 feito com as melhores fibras de linho, o melhor fio ecol\u00f3gico! <\/span><\/p>\n<p><span class=\"Y2IQFc\" lang=\"pt\">Este fio \u00e9 tecido na espessura final para proporcionar elasticidade e espessura sem peso, para que voc\u00ea possa criar roupas confort\u00e1veis, arejadas e respir\u00e1veis \u200b\u200bpara mant\u00ea-lo fresco no calor do ver\u00e3o! Este fio tem mais de 4 camadas, mas uma linda pe\u00e7a de malha solta pode ser criada usando uma agulha de 4 mm ou maior.<\/span><\/p>\n<p>&nbsp;<\/p>\n<p>&nbsp;<\/p>\n","protected":false},"excerpt":{"rendered":"<p><strong>Composi\u00e7\u00e3o:<\/strong> 100% linho<\/p>\n<p><strong>Peso\/Metragem:<\/strong> 50 g\/ 140 m<\/p>\n<p><strong>Agulhas recomendadas:<\/strong> 3,5 mm<\/p>\n<p><strong>Amostra:<\/strong> 10 x 10 cm = 24 malhas x 32 voltas<\/p>\n<p>Lavar \u00e1 m\u00e3o e n\u00e3o torcer, secar na horizontal<\/p>\n","protected":false},"featured_media":17363,"comment_status":"open","ping_status":"closed","template":"","meta":[],"product_brand":[],"product_cat":[559,884,464,463,661,468,530],"product_tag":[896,886,895,887,885],"class_list":{"0":"post-17351","1":"product","2":"type-product","3":"status-publish","4":"has-post-thumbnail","6":"product_cat-225-350mm","7":"product_cat-adriafil","8":"product_cat-espessura-de-fio","9":"product_cat-fios","10":"product_cat-linho","11":"product_cat-marcas","12":"product_cat-primavera-verao","13":"product_tag-adriafil-100-linho","14":"product_tag-fio-100-linho","15":"product_tag-fio-100-linho-adriafil","16":"product_tag-fio-para-crochet-100-linho","17":"product_tag-fio-trico-100-linho","19":"first","20":"instock","21":"shipping-taxable","22":"purchasable","23":"product-type-variable"},"_links":{"self":[{"href":"https:\/\/daraodedo.com\/index.php?rest_route=\/wp\/v2\/product\/17351","targetHints":{"allow":["GET"]}}],"collection":[{"href":"https:\/\/daraodedo.com\/index.php?rest_route=\/wp\/v2\/product"}],"about":[{"href":"https:\/\/daraodedo.com\/index.php?rest_route=\/wp\/v2\/types\/product"}],"replies":[{"embeddable":true,"href":"https:\/\/daraodedo.com\/index.php?rest_route=%2Fwp%2Fv2%2Fcomments&post=17351"}],"wp:featuredmedia":[{"embeddable":true,"href":"https:\/\/daraodedo.com\/index.php?rest_route=\/wp\/v2\/media\/17363"}],"wp:attachment":[{"href":"https:\/\/daraodedo.com\/index.php?rest_route=%2Fwp%2Fv2%2Fmedia&parent=17351"}],"wp:term":[{"taxonomy":"product_brand","embeddable":true,"href":"https:\/\/daraodedo.com\/index.php?rest_route=%2Fwp%2Fv2%2Fproduct_brand&post=17351"},{"taxonomy":"product_cat","embeddable":true,"href":"https:\/\/daraodedo.com\/index.php?rest_route=%2Fwp%2Fv2%2Fproduct_cat&post=17351"},{"taxonomy":"product_tag","embeddable":true,"href":"https:\/\/daraodedo.com\/index.php?rest_route=%2Fwp%2Fv2%2Fproduct_tag&post=17351"}],"curies":[{"name":"wp","href":"https:\/\/api.w.org\/{rel}","templated":true}]}}