{"id":17585,"date":"2025-11-06T19:07:39","date_gmt":"2025-11-06T19:07:39","guid":{"rendered":"https:\/\/daraodedo.com\/?post_type=product&#038;p=17585"},"modified":"2025-11-06T19:11:29","modified_gmt":"2025-11-06T19:11:29","slug":"adriafil-la-natural-inca","status":"publish","type":"product","link":"https:\/\/daraodedo.com\/?product=adriafil-la-natural-inca","title":{"rendered":"Adriafil L\u00e3 Natural Inca"},"content":{"rendered":"<p>Fio 100% l\u00e3 sendo 50% l\u00e3 merino e 50% alpaca<\/p>\n","protected":false},"excerpt":{"rendered":"<p><strong>Composi\u00e7\u00e3o:<\/strong> 50% l\u00e3 merino e 50% alpaca<\/p>\n<p><strong>Peso\/Metragem:<\/strong> 50 g\/ 100 m<\/p>\n<p><strong>Agulhas recomendadas:<\/strong> 4,5 mm\/ 5 mm<\/p>\n<p><strong>Amostra:<\/strong> 10 x 10 cm = 17 malhas x 23 voltas<\/p>\n<p>Lavar a 30 \u00ba e n\u00e3o torcer, secar na horizontal<\/p>\n","protected":false},"featured_media":17586,"comment_status":"open","ping_status":"closed","template":"","meta":[],"product_brand":[],"product_cat":[491,884,464,463,470,468,471,466],"product_tag":[671,898,897,899,876],"class_list":{"0":"post-17585","1":"product","2":"type-product","3":"status-publish","4":"has-post-thumbnail","6":"product_cat-450-550mm","7":"product_cat-adriafil","8":"product_cat-espessura-de-fio","9":"product_cat-fios","10":"product_cat-la","11":"product_cat-marcas","12":"product_cat-outono-inverno","13":"product_cat-tipos-de-fio","14":"product_tag-fio-100-la","15":"product_tag-fio-adriafil","16":"product_tag-fio-de-la","17":"product_tag-fio-para-camisolas","18":"product_tag-fio-para-trico","20":"first","21":"instock","22":"shipping-taxable","23":"purchasable","24":"product-type-variable"},"_links":{"self":[{"href":"https:\/\/daraodedo.com\/index.php?rest_route=\/wp\/v2\/product\/17585","targetHints":{"allow":["GET"]}}],"collection":[{"href":"https:\/\/daraodedo.com\/index.php?rest_route=\/wp\/v2\/product"}],"about":[{"href":"https:\/\/daraodedo.com\/index.php?rest_route=\/wp\/v2\/types\/product"}],"replies":[{"embeddable":true,"href":"https:\/\/daraodedo.com\/index.php?rest_route=%2Fwp%2Fv2%2Fcomments&post=17585"}],"wp:featuredmedia":[{"embeddable":true,"href":"https:\/\/daraodedo.com\/index.php?rest_route=\/wp\/v2\/media\/17586"}],"wp:attachment":[{"href":"https:\/\/daraodedo.com\/index.php?rest_route=%2Fwp%2Fv2%2Fmedia&parent=17585"}],"wp:term":[{"taxonomy":"product_brand","embeddable":true,"href":"https:\/\/daraodedo.com\/index.php?rest_route=%2Fwp%2Fv2%2Fproduct_brand&post=17585"},{"taxonomy":"product_cat","embeddable":true,"href":"https:\/\/daraodedo.com\/index.php?rest_route=%2Fwp%2Fv2%2Fproduct_cat&post=17585"},{"taxonomy":"product_tag","embeddable":true,"href":"https:\/\/daraodedo.com\/index.php?rest_route=%2Fwp%2Fv2%2Fproduct_tag&post=17585"}],"curies":[{"name":"wp","href":"https:\/\/api.w.org\/{rel}","templated":true}]}}