{"id":17612,"date":"2025-11-21T17:37:52","date_gmt":"2025-11-21T17:37:52","guid":{"rendered":"https:\/\/daraodedo.com\/?post_type=product&#038;p=17612"},"modified":"2025-11-21T17:37:56","modified_gmt":"2025-11-21T17:37:56","slug":"fio-limol-mercer-metalizado","status":"publish","type":"product","link":"https:\/\/daraodedo.com\/?product=fio-limol-mercer-metalizado","title":{"rendered":"Fio Limol Mercer Metalizado"},"content":{"rendered":"<p>Fio de alta qualidade, visto que\u00a0 a sua composi\u00e7\u00e3o \u00e9 de\u00a0 93 % algod\u00e3o, muito utilizado em decora\u00e7\u00f5es de Natal, mas pela sua composi\u00e7\u00e3o muito suport\u00e1vel junto com outros fios em camisolas quando queremos dar um toque diferente.<\/p>\n","protected":false},"excerpt":{"rendered":"<p><strong>Composi\u00e7\u00e3o:<\/strong> 93 % algod\u00e3o 7% Metal<\/p>\n<p><strong>Peso\/Metragem:<\/strong> 50 g\/ 325 m<\/p>\n<p><strong>Agulhas recomendadas:<\/strong> 1,25\/1,5 mm<\/p>\n<p><strong>Espessura:<\/strong> 12<\/p>\n<p>&nbsp;<\/p>\n","protected":false},"featured_media":17613,"comment_status":"open","ping_status":"closed","template":"","meta":[],"product_brand":[],"product_cat":[704,529,464,463,532,468,722,471,530,658,466],"product_tag":[912,883,913,914,915],"class_list":{"0":"post-17612","1":"product","2":"type-product","3":"status-publish","4":"has-post-thumbnail","6":"product_cat-150-200mm","7":"product_cat-algodao","8":"product_cat-espessura-de-fio","9":"product_cat-fios","10":"product_cat-limol","11":"product_cat-marcas","12":"product_cat-natal","13":"product_cat-outono-inverno","14":"product_cat-primavera-verao","15":"product_cat-punch-needle","16":"product_cat-tipos-de-fio","17":"product_tag-fio-crochet-para-o-natal","18":"product_tag-fio-de-crochet","19":"product_tag-fio-de-natal","20":"product_tag-fio-dourado","21":"product_tag-fio-metalizado-limol","23":"first","24":"instock","25":"shipping-taxable","26":"purchasable","27":"product-type-simple"},"_links":{"self":[{"href":"https:\/\/daraodedo.com\/index.php?rest_route=\/wp\/v2\/product\/17612","targetHints":{"allow":["GET"]}}],"collection":[{"href":"https:\/\/daraodedo.com\/index.php?rest_route=\/wp\/v2\/product"}],"about":[{"href":"https:\/\/daraodedo.com\/index.php?rest_route=\/wp\/v2\/types\/product"}],"replies":[{"embeddable":true,"href":"https:\/\/daraodedo.com\/index.php?rest_route=%2Fwp%2Fv2%2Fcomments&post=17612"}],"wp:featuredmedia":[{"embeddable":true,"href":"https:\/\/daraodedo.com\/index.php?rest_route=\/wp\/v2\/media\/17613"}],"wp:attachment":[{"href":"https:\/\/daraodedo.com\/index.php?rest_route=%2Fwp%2Fv2%2Fmedia&parent=17612"}],"wp:term":[{"taxonomy":"product_brand","embeddable":true,"href":"https:\/\/daraodedo.com\/index.php?rest_route=%2Fwp%2Fv2%2Fproduct_brand&post=17612"},{"taxonomy":"product_cat","embeddable":true,"href":"https:\/\/daraodedo.com\/index.php?rest_route=%2Fwp%2Fv2%2Fproduct_cat&post=17612"},{"taxonomy":"product_tag","embeddable":true,"href":"https:\/\/daraodedo.com\/index.php?rest_route=%2Fwp%2Fv2%2Fproduct_tag&post=17612"}],"curies":[{"name":"wp","href":"https:\/\/api.w.org\/{rel}","templated":true}]}}